{"id":1667,"date":"2023-11-22T13:46:24","date_gmt":"2023-11-22T12:46:24","guid":{"rendered":"https:\/\/pansion-palme.com\/?page_id=1667"},"modified":"2026-02-23T06:36:35","modified_gmt":"2026-02-23T05:36:35","slug":"islands-and-peninsulas","status":"publish","type":"page","link":"https:\/\/pansion-palme.com\/hr\/attractions-and-activities\/islands-and-peninsulas\/","title":{"rendered":"Otoci i Poluotoci"},"content":{"rendered":"<div data-elementor-type=\"wp-page\" data-elementor-id=\"1667\" class=\"elementor elementor-1667\" data-elementor-post-type=\"page\">\n\t\t\t\t<div class=\"elementor-element elementor-element-0445f07 e-flex e-con-boxed e-con e-parent\" data-id=\"0445f07\" data-element_type=\"container\" data-e-type=\"container\" data-settings=\"{&quot;background_background&quot;:&quot;classic&quot;}\">\n\t\t\t\t\t<div class=\"e-con-inner\">\n\t\t\t\t<div class=\"elementor-element elementor-element-3625024 elementor-widget elementor-widget-heading\" data-id=\"3625024\" data-element_type=\"widget\" data-e-type=\"widget\" data-widget_type=\"heading.default\">\n\t\t\t\t\t<h1 class=\"elementor-heading-title elementor-size-default\">Otoci i Poluotoci<\/h1>\t\t\t\t<\/div>\n\t\t\t\t<div class=\"elementor-element elementor-element-726b93e elementor-widget__width-initial animated-slow elementor-invisible elementor-widget elementor-widget-text-editor\" data-id=\"726b93e\" data-element_type=\"widget\" data-e-type=\"widget\" data-settings=\"{&quot;_animation&quot;:&quot;fadeIn&quot;,&quot;_animation_delay&quot;:400}\" data-widget_type=\"text-editor.default\">\n\t\t\t\t\t\t\t\t\t<p>Stari grad Mostar poznat je po svojim uskim, vijugavim ulicama, koje su ispunjene \u017eivotom i \u0161armom. Pro\u017eet povije\u0161\u0107u, ovaj dio grada posjetiteljima nudi uvid u \u017eivahnu pro\u0161lost Mostara, s njegovim u\u017eurbanim tr\u017enicama, tradicionalnim trgovinama i zadivljuju\u0107om osmanskom arhitekturom. Atmosfera ovdje je vesela i gostoljubiva, \u010dine\u0107i ga neizostavnom destinacijom za sve koji \u017eele do\u017eivjeti pravi duh Mostara.<\/p>\t\t\t\t\t\t\t\t<\/div>\n\t\t\t\t\t<\/div>\n\t\t\t\t<\/div>\n\t\t<div class=\"elementor-element elementor-element-bae606b animated-slow e-flex e-con-boxed elementor-invisible e-con e-parent\" data-id=\"bae606b\" data-element_type=\"container\" data-e-type=\"container\" data-settings=\"{&quot;animation&quot;:&quot;fadeIn&quot;}\">\n\t\t\t\t\t<div class=\"e-con-inner\">\n\t\t<div class=\"elementor-element elementor-element-85344de e-con-full e-flex e-con e-child\" data-id=\"85344de\" data-element_type=\"container\" data-e-type=\"container\">\n\t\t\t\t<div class=\"elementor-element elementor-element-639ecf9 elementor-widget elementor-widget-heading\" data-id=\"639ecf9\" data-element_type=\"widget\" data-e-type=\"widget\" data-widget_type=\"heading.default\">\n\t\t\t\t\t<h2 class=\"elementor-heading-title elementor-size-default\">Hvar<\/h2>\t\t\t\t<\/div>\n\t\t\t\t<div class=\"elementor-element elementor-element-b2deab4 elementor-widget elementor-widget-text-editor\" data-id=\"b2deab4\" data-element_type=\"widget\" data-e-type=\"widget\" data-widget_type=\"text-editor.default\">\n\t\t\t\t\t\t\t\t\t<p>Hvar je pravi mediteranski dragulj, gdje vas \u010dekaju netaknute uvale i slikoviti krajolici. Bilo brodom, automobilom, biciklom ili pje\u0161ice, otkrijte prirodne ljepote otoka kroz mirne \u0161etnje i slikovite vo\u017enje. S kristalno \u010distim vodama, mirisnim maslinicima i zadivljuju\u0107im pogledima, Hvar nudi savr\u0161en spoj opu\u0161tanja i avanture za svakog posjetitelja.<\/p>\t\t\t\t\t\t\t\t<\/div>\n\t\t\t\t<div class=\"elementor-element elementor-element-1a125f6 animated-slow elementor-invisible elementor-widget elementor-widget-button\" data-id=\"1a125f6\" data-element_type=\"widget\" data-e-type=\"widget\" data-settings=\"{&quot;_animation&quot;:&quot;fadeIn&quot;,&quot;_animation_delay&quot;:100}\" data-widget_type=\"button.default\">\n\t\t\t\t\t\t\t\t\t\t<a class=\"elementor-button elementor-button-link elementor-size-sm\" href=\"https:\/\/www.hvarinfo.com\/hr\">\n\t\t\t\t\t\t<span class=\"elementor-button-content-wrapper\">\n\t\t\t\t\t\t\t\t\t<span class=\"elementor-button-text\">posjeti hvar<\/span>\n\t\t\t\t\t<\/span>\n\t\t\t\t\t<\/a>\n\t\t\t\t\t\t\t\t<\/div>\n\t\t\t\t<\/div>\n\t\t<div class=\"elementor-element elementor-element-0e4a318 e-con-full e-flex e-con e-child\" data-id=\"0e4a318\" data-element_type=\"container\" data-e-type=\"container\">\n\t\t\t\t<div class=\"elementor-element elementor-element-47fe051 animated-slow elementor-invisible elementor-widget elementor-widget-image\" data-id=\"47fe051\" data-element_type=\"widget\" data-e-type=\"widget\" data-settings=\"{&quot;_animation&quot;:&quot;fadeIn&quot;,&quot;_animation_delay&quot;:100}\" data-widget_type=\"image.default\">\n\t\t\t\t\t\t\t\t\t\t\t\t\t\t\t<img fetchpriority=\"high\" decoding=\"async\" width=\"500\" height=\"314\" src=\"https:\/\/pansion-palme.com\/wp-content\/uploads\/2025\/04\/Otok-Hvar-605393c527afa215744605_huge-1.jpg\" class=\"attachment-large size-large wp-image-3075\" alt=\"\" srcset=\"https:\/\/pansion-palme.com\/wp-content\/uploads\/2025\/04\/Otok-Hvar-605393c527afa215744605_huge-1.jpg 500w, https:\/\/pansion-palme.com\/wp-content\/uploads\/2025\/04\/Otok-Hvar-605393c527afa215744605_huge-1-300x188.jpg 300w, https:\/\/pansion-palme.com\/wp-content\/uploads\/2025\/04\/Otok-Hvar-605393c527afa215744605_huge-1-18x12.jpg 18w\" sizes=\"(max-width: 500px) 100vw, 500px\" \/>\t\t\t\t\t\t\t\t\t\t\t\t\t\t\t<\/div>\n\t\t\t\t<\/div>\n\t\t\t\t\t<\/div>\n\t\t\t\t<\/div>\n\t\t<div class=\"elementor-element elementor-element-310a486 e-flex e-con-boxed e-con e-parent\" data-id=\"310a486\" data-element_type=\"container\" data-e-type=\"container\" data-settings=\"{&quot;background_background&quot;:&quot;classic&quot;}\">\n\t\t\t\t\t<div class=\"e-con-inner\">\n\t\t<div class=\"elementor-element elementor-element-009faf3 e-con-full e-flex e-con e-child\" data-id=\"009faf3\" data-element_type=\"container\" data-e-type=\"container\">\n\t\t\t\t<div class=\"elementor-element elementor-element-9c971f7 animated-slow elementor-invisible elementor-widget elementor-widget-image\" data-id=\"9c971f7\" data-element_type=\"widget\" data-e-type=\"widget\" data-settings=\"{&quot;_animation&quot;:&quot;fadeIn&quot;,&quot;_animation_delay&quot;:100}\" data-widget_type=\"image.default\">\n\t\t\t\t\t\t\t\t\t\t\t\t\t\t\t<img decoding=\"async\" width=\"500\" height=\"314\" src=\"https:\/\/pansion-palme.com\/wp-content\/uploads\/2025\/04\/Peljesac-Peninsula-Croatia.jpg\" class=\"attachment-large size-large wp-image-3076\" alt=\"\" srcset=\"https:\/\/pansion-palme.com\/wp-content\/uploads\/2025\/04\/Peljesac-Peninsula-Croatia.jpg 500w, https:\/\/pansion-palme.com\/wp-content\/uploads\/2025\/04\/Peljesac-Peninsula-Croatia-300x188.jpg 300w, https:\/\/pansion-palme.com\/wp-content\/uploads\/2025\/04\/Peljesac-Peninsula-Croatia-18x12.jpg 18w\" sizes=\"(max-width: 500px) 100vw, 500px\" \/>\t\t\t\t\t\t\t\t\t\t\t\t\t\t\t<\/div>\n\t\t\t\t<\/div>\n\t\t<div class=\"elementor-element elementor-element-3b8c05c e-con-full e-flex e-con e-child\" data-id=\"3b8c05c\" data-element_type=\"container\" data-e-type=\"container\">\n\t\t\t\t<div class=\"elementor-element elementor-element-5f71da7 elementor-widget elementor-widget-heading\" data-id=\"5f71da7\" data-element_type=\"widget\" data-e-type=\"widget\" data-widget_type=\"heading.default\">\n\t\t\t\t\t<h2 class=\"elementor-heading-title elementor-size-default\">Pelje\u0161ac<\/h2>\t\t\t\t<\/div>\n\t\t\t\t<div class=\"elementor-element elementor-element-0614dad elementor-widget elementor-widget-text-editor\" data-id=\"0614dad\" data-element_type=\"widget\" data-e-type=\"widget\" data-widget_type=\"text-editor.default\">\n\t\t\t\t\t\t\t\t\t<p>Pelje\u0161ac je ju\u017eno vinogradarsko kraljevstvo Hrvatske, poznato po svojim vinogradima i zadivljuju\u0107oj obali. Istra\u017eite \u0161armantne gradove, slikovite pla\u017ee i u\u017eivajte u nekim od najboljih lokalnih vina. Bilo da se opu\u0161tate uz more ili otkrivate bogatu povijest otoka, Pelje\u0161ac nudi jedinstven spoj prirode i kulture.<\/p>\t\t\t\t\t\t\t\t<\/div>\n\t\t\t\t<div class=\"elementor-element elementor-element-6375272 animated-slow elementor-invisible elementor-widget elementor-widget-button\" data-id=\"6375272\" data-element_type=\"widget\" data-e-type=\"widget\" data-settings=\"{&quot;_animation&quot;:&quot;fadeIn&quot;,&quot;_animation_delay&quot;:100}\" data-widget_type=\"button.default\">\n\t\t\t\t\t\t\t\t\t\t<a class=\"elementor-button elementor-button-link elementor-size-sm\" href=\"https:\/\/www.peljesac.holiday\">\n\t\t\t\t\t\t<span class=\"elementor-button-content-wrapper\">\n\t\t\t\t\t\t\t\t\t<span class=\"elementor-button-text\">posjeti pelje\u0161ac<\/span>\n\t\t\t\t\t<\/span>\n\t\t\t\t\t<\/a>\n\t\t\t\t\t\t\t\t<\/div>\n\t\t\t\t<\/div>\n\t\t\t\t\t<\/div>\n\t\t\t\t<\/div>\n\t\t<div class=\"elementor-element elementor-element-a5b5a31 e-flex e-con-boxed e-con e-parent\" data-id=\"a5b5a31\" data-element_type=\"container\" data-e-type=\"container\">\n\t\t\t\t\t<div class=\"e-con-inner\">\n\t\t<div class=\"elementor-element elementor-element-a429a21 e-con-full e-flex e-con e-child\" data-id=\"a429a21\" data-element_type=\"container\" data-e-type=\"container\">\n\t\t\t\t<div class=\"elementor-element elementor-element-8785d13 elementor-widget elementor-widget-heading\" data-id=\"8785d13\" data-element_type=\"widget\" data-e-type=\"widget\" data-widget_type=\"heading.default\">\n\t\t\t\t\t<h2 class=\"elementor-heading-title elementor-size-default\">Kor\u010dula<\/h2>\t\t\t\t<\/div>\n\t\t\t\t<div class=\"elementor-element elementor-element-eac61f1 elementor-widget elementor-widget-text-editor\" data-id=\"eac61f1\" data-element_type=\"widget\" data-e-type=\"widget\" data-widget_type=\"text-editor.default\">\n\t\t\t\t\t\t\t\t\t<p>Kor\u010dula o\u010darava svojom bogatom povije\u0161\u0107u i zadivljuju\u0107om kamenoj arhitekturom. Stari grad otoka pri\u010da kroz svoje drevne ulice, nude\u0107i uvid u pro\u0161lost. S prelijepim pla\u017eama i kristalno \u010distim vodama, Kor\u010dula je savr\u0161ena destinacija za one koji tra\u017ee kulturni \u0161arm i prirodnu ljepotu.<\/p>\t\t\t\t\t\t\t\t<\/div>\n\t\t\t\t<div class=\"elementor-element elementor-element-190efd4 animated-slow elementor-invisible elementor-widget elementor-widget-button\" data-id=\"190efd4\" data-element_type=\"widget\" data-e-type=\"widget\" data-settings=\"{&quot;_animation&quot;:&quot;fadeIn&quot;,&quot;_animation_delay&quot;:100}\" data-widget_type=\"button.default\">\n\t\t\t\t\t\t\t\t\t\t<a class=\"elementor-button elementor-button-link elementor-size-sm\" href=\"https:\/\/www.ikorculainfo.com\/hr\/\">\n\t\t\t\t\t\t<span class=\"elementor-button-content-wrapper\">\n\t\t\t\t\t\t\t\t\t<span class=\"elementor-button-text\">posjeti kor\u010dulu<\/span>\n\t\t\t\t\t<\/span>\n\t\t\t\t\t<\/a>\n\t\t\t\t\t\t\t\t<\/div>\n\t\t\t\t<\/div>\n\t\t<div class=\"elementor-element elementor-element-7fbf6b8 e-con-full e-flex e-con e-child\" data-id=\"7fbf6b8\" data-element_type=\"container\" data-e-type=\"container\">\n\t\t\t\t<div class=\"elementor-element elementor-element-c43d122 animated-slow elementor-invisible elementor-widget elementor-widget-image\" data-id=\"c43d122\" data-element_type=\"widget\" data-e-type=\"widget\" data-settings=\"{&quot;_animation&quot;:&quot;fadeIn&quot;,&quot;_animation_delay&quot;:100}\" data-widget_type=\"image.default\">\n\t\t\t\t\t\t\t\t\t\t\t\t\t\t\t<img decoding=\"async\" width=\"500\" height=\"314\" src=\"https:\/\/pansion-palme.com\/wp-content\/uploads\/2025\/04\/Otok-Korcula-6058d39a1228f241104756_huge-e1731941325225.jpg\" class=\"attachment-large size-large wp-image-3077\" alt=\"\" srcset=\"https:\/\/pansion-palme.com\/wp-content\/uploads\/2025\/04\/Otok-Korcula-6058d39a1228f241104756_huge-e1731941325225.jpg 500w, https:\/\/pansion-palme.com\/wp-content\/uploads\/2025\/04\/Otok-Korcula-6058d39a1228f241104756_huge-e1731941325225-300x188.jpg 300w, https:\/\/pansion-palme.com\/wp-content\/uploads\/2025\/04\/Otok-Korcula-6058d39a1228f241104756_huge-e1731941325225-18x12.jpg 18w\" sizes=\"(max-width: 500px) 100vw, 500px\" \/>\t\t\t\t\t\t\t\t\t\t\t\t\t\t\t<\/div>\n\t\t\t\t<\/div>\n\t\t\t\t\t<\/div>\n\t\t\t\t<\/div>\n\t\t<div class=\"elementor-element elementor-element-36fa94d e-flex e-con-boxed e-con e-parent\" data-id=\"36fa94d\" data-element_type=\"container\" data-e-type=\"container\" data-settings=\"{&quot;background_background&quot;:&quot;classic&quot;}\">\n\t\t\t\t\t<div class=\"e-con-inner\">\n\t\t<div class=\"elementor-element elementor-element-3446e57 e-con-full e-flex e-con e-child\" data-id=\"3446e57\" data-element_type=\"container\" data-e-type=\"container\">\n\t\t\t\t<div class=\"elementor-element elementor-element-9a50745 animated-slow elementor-invisible elementor-widget elementor-widget-image\" data-id=\"9a50745\" data-element_type=\"widget\" data-e-type=\"widget\" data-settings=\"{&quot;_animation&quot;:&quot;fadeIn&quot;,&quot;_animation_delay&quot;:100}\" data-widget_type=\"image.default\">\n\t\t\t\t\t\t\t\t\t\t\t\t\t\t\t<img decoding=\"async\" width=\"500\" height=\"314\" src=\"https:\/\/pansion-palme.com\/wp-content\/uploads\/2025\/04\/Peljesac-Peninsula-Croatia.jpg\" class=\"attachment-large size-large wp-image-3076\" alt=\"\" srcset=\"https:\/\/pansion-palme.com\/wp-content\/uploads\/2025\/04\/Peljesac-Peninsula-Croatia.jpg 500w, https:\/\/pansion-palme.com\/wp-content\/uploads\/2025\/04\/Peljesac-Peninsula-Croatia-300x188.jpg 300w, https:\/\/pansion-palme.com\/wp-content\/uploads\/2025\/04\/Peljesac-Peninsula-Croatia-18x12.jpg 18w\" sizes=\"(max-width: 500px) 100vw, 500px\" \/>\t\t\t\t\t\t\t\t\t\t\t\t\t\t\t<\/div>\n\t\t\t\t<\/div>\n\t\t<div class=\"elementor-element elementor-element-8514a88 e-con-full e-flex e-con e-child\" data-id=\"8514a88\" data-element_type=\"container\" data-e-type=\"container\">\n\t\t\t\t<div class=\"elementor-element elementor-element-bb894d6 elementor-widget elementor-widget-heading\" data-id=\"bb894d6\" data-element_type=\"widget\" data-e-type=\"widget\" data-widget_type=\"heading.default\">\n\t\t\t\t\t<h2 class=\"elementor-heading-title elementor-size-default\">Mljet<\/h2>\t\t\t\t<\/div>\n\t\t\t\t<div class=\"elementor-element elementor-element-7d945d2 elementor-widget elementor-widget-text-editor\" data-id=\"7d945d2\" data-element_type=\"widget\" data-e-type=\"widget\" data-widget_type=\"text-editor.default\">\n\t\t\t\t\t\t\t\t\t<div class=\"elementor-element elementor-element-23bc082 elementor-widget elementor-widget-text-editor\" data-id=\"23bc082\" data-element_type=\"widget\" data-widget_type=\"text-editor.default\"><div class=\"elementor-widget-container\"><p>Najljep\u0161i i naj\u0161umovitiji otok na Jadranu, jedan od najatraktivnijih bisera Mediterana. Osamljen i netaknut, otok mistike, maslina, vinove loze i bogate \u0161ume idealan je za upoznavanje bogate flore i faune te za mirno u\u017eivanje u ljepoti netaknute prirode.<\/p><\/div><\/div>\t\t\t\t\t\t\t\t<\/div>\n\t\t\t\t<div class=\"elementor-element elementor-element-189cae8 animated-slow elementor-invisible elementor-widget elementor-widget-button\" data-id=\"189cae8\" data-element_type=\"widget\" data-e-type=\"widget\" data-settings=\"{&quot;_animation&quot;:&quot;fadeIn&quot;,&quot;_animation_delay&quot;:100}\" data-widget_type=\"button.default\">\n\t\t\t\t\t\t\t\t\t\t<a class=\"elementor-button elementor-button-link elementor-size-sm\" href=\"https:\/\/www.mljet.hr\">\n\t\t\t\t\t\t<span class=\"elementor-button-content-wrapper\">\n\t\t\t\t\t\t\t\t\t<span class=\"elementor-button-text\">posjeti Mljet<\/span>\n\t\t\t\t\t<\/span>\n\t\t\t\t\t<\/a>\n\t\t\t\t\t\t\t\t<\/div>\n\t\t\t\t<\/div>\n\t\t\t\t\t<\/div>\n\t\t\t\t<\/div>\n\t\t<div class=\"elementor-element elementor-element-3a862b7 e-flex e-con-boxed e-con e-parent\" data-id=\"3a862b7\" data-element_type=\"container\" data-e-type=\"container\">\n\t\t\t\t\t<div class=\"e-con-inner\">\n\t\t<div class=\"elementor-element elementor-element-2f1392b e-con-full e-flex e-con e-child\" data-id=\"2f1392b\" data-element_type=\"container\" data-e-type=\"container\">\n\t\t\t\t<div class=\"elementor-element elementor-element-358df2d elementor-widget elementor-widget-heading\" data-id=\"358df2d\" data-element_type=\"widget\" data-e-type=\"widget\" data-widget_type=\"heading.default\">\n\t\t\t\t\t<h2 class=\"elementor-heading-title elementor-size-default\">Bra\u010d<\/h2>\t\t\t\t<\/div>\n\t\t\t\t<div class=\"elementor-element elementor-element-e6d8cc0 elementor-widget elementor-widget-text-editor\" data-id=\"e6d8cc0\" data-element_type=\"widget\" data-e-type=\"widget\" data-widget_type=\"text-editor.default\">\n\t\t\t\t\t\t\t\t\t<p>Bra\u010d je jedan od najpoznatijih hrvatskih otoka, poznat po svojim prelijepim pla\u017eama, kristalno \u010distom moru i bogatoj povijesti. Poznat po ikoni\u010dnoj pla\u017ei Zlatni Rat, otok tako\u0111er nudi \u0161armantna sela, drevne kamenolome i \u017eivahnu lokalnu kulturu. S kombinacijom prirodnih ljepota, vanjskih aktivnosti i povijesnih znamenitosti, Bra\u010d je savr\u0161eno odredi\u0161te za sve vrste putnika.<\/p>\t\t\t\t\t\t\t\t<\/div>\n\t\t\t\t<div class=\"elementor-element elementor-element-1a810a6 animated-slow elementor-invisible elementor-widget elementor-widget-button\" data-id=\"1a810a6\" data-element_type=\"widget\" data-e-type=\"widget\" data-settings=\"{&quot;_animation&quot;:&quot;fadeIn&quot;,&quot;_animation_delay&quot;:100}\" data-widget_type=\"button.default\">\n\t\t\t\t\t\t\t\t\t\t<a class=\"elementor-button elementor-button-link elementor-size-sm\" href=\"https:\/\/www.otok-brac.hr\/\">\n\t\t\t\t\t\t<span class=\"elementor-button-content-wrapper\">\n\t\t\t\t\t\t\t\t\t<span class=\"elementor-button-text\">posjeti Bra\u010d<\/span>\n\t\t\t\t\t<\/span>\n\t\t\t\t\t<\/a>\n\t\t\t\t\t\t\t\t<\/div>\n\t\t\t\t<\/div>\n\t\t<div class=\"elementor-element elementor-element-2fec2a6 e-con-full e-flex e-con e-child\" data-id=\"2fec2a6\" data-element_type=\"container\" data-e-type=\"container\">\n\t\t\t\t<div class=\"elementor-element elementor-element-472e045 animated-slow elementor-invisible elementor-widget elementor-widget-image\" data-id=\"472e045\" data-element_type=\"widget\" data-e-type=\"widget\" data-settings=\"{&quot;_animation&quot;:&quot;fadeIn&quot;,&quot;_animation_delay&quot;:100}\" data-widget_type=\"image.default\">\n\t\t\t\t\t\t\t\t\t\t\t\t\t\t\t<img loading=\"lazy\" decoding=\"async\" width=\"500\" height=\"314\" src=\"https:\/\/pansion-palme.com\/wp-content\/uploads\/2025\/04\/3753-large-95906d28a0aee3163d15e8dd838d7f70-e1731941478729.jpg\" class=\"attachment-large size-large wp-image-3078\" alt=\"\" srcset=\"https:\/\/pansion-palme.com\/wp-content\/uploads\/2025\/04\/3753-large-95906d28a0aee3163d15e8dd838d7f70-e1731941478729.jpg 500w, https:\/\/pansion-palme.com\/wp-content\/uploads\/2025\/04\/3753-large-95906d28a0aee3163d15e8dd838d7f70-e1731941478729-300x188.jpg 300w, https:\/\/pansion-palme.com\/wp-content\/uploads\/2025\/04\/3753-large-95906d28a0aee3163d15e8dd838d7f70-e1731941478729-18x12.jpg 18w\" sizes=\"(max-width: 500px) 100vw, 500px\" \/>\t\t\t\t\t\t\t\t\t\t\t\t\t\t\t<\/div>\n\t\t\t\t<\/div>\n\t\t\t\t\t<\/div>\n\t\t\t\t<\/div>\n\t\t\t\t<\/div>","protected":false},"excerpt":{"rendered":"<p>With its crystal-clear waters, charming towns, and picturesque landscapes, Croatia\u2019s islands offer a perfect escape. Explore the hidden gems of the Adriatic and experience the beauty of nature, history, and culture that each island has to offer. Hvar Hvar is a true Mediterranean gem, where untouched bays and scenic landscapes await. Whether by boat, car, [&hellip;]<\/p>\n","protected":false},"author":1,"featured_media":0,"parent":493,"menu_order":0,"comment_status":"closed","ping_status":"closed","template":"","meta":{"footnotes":""},"class_list":["post-1667","page","type-page","status-publish","hentry"],"_links":{"self":[{"href":"https:\/\/pansion-palme.com\/hr\/wp-json\/wp\/v2\/pages\/1667","targetHints":{"allow":["GET"]}}],"collection":[{"href":"https:\/\/pansion-palme.com\/hr\/wp-json\/wp\/v2\/pages"}],"about":[{"href":"https:\/\/pansion-palme.com\/hr\/wp-json\/wp\/v2\/types\/page"}],"author":[{"embeddable":true,"href":"https:\/\/pansion-palme.com\/hr\/wp-json\/wp\/v2\/users\/1"}],"replies":[{"embeddable":true,"href":"https:\/\/pansion-palme.com\/hr\/wp-json\/wp\/v2\/comments?post=1667"}],"version-history":[{"count":6,"href":"https:\/\/pansion-palme.com\/hr\/wp-json\/wp\/v2\/pages\/1667\/revisions"}],"predecessor-version":[{"id":3859,"href":"https:\/\/pansion-palme.com\/hr\/wp-json\/wp\/v2\/pages\/1667\/revisions\/3859"}],"up":[{"embeddable":true,"href":"https:\/\/pansion-palme.com\/hr\/wp-json\/wp\/v2\/pages\/493"}],"wp:attachment":[{"href":"https:\/\/pansion-palme.com\/hr\/wp-json\/wp\/v2\/media?parent=1667"}],"curies":[{"name":"wp","href":"https:\/\/api.w.org\/{rel}","templated":true}]}}