{"id":2473,"date":"2023-12-03T16:10:08","date_gmt":"2023-12-03T15:10:08","guid":{"rendered":"https:\/\/pansion-palme.com\/?page_id=2473"},"modified":"2026-02-23T06:14:17","modified_gmt":"2026-02-23T05:14:17","slug":"deluxe-apartment","status":"publish","type":"page","link":"https:\/\/pansion-palme.com\/hr\/apartments\/deluxe-apartment\/","title":{"rendered":"Deluxe Apartman"},"content":{"rendered":"<div data-elementor-type=\"wp-page\" data-elementor-id=\"2473\" class=\"elementor elementor-2473\" data-elementor-post-type=\"page\">\n\t\t\t\t<div class=\"elementor-element elementor-element-6acdc7c e-flex e-con-boxed e-con e-parent\" data-id=\"6acdc7c\" data-element_type=\"container\" data-e-type=\"container\" data-settings=\"{&quot;background_background&quot;:&quot;classic&quot;}\">\n\t\t\t\t\t<div class=\"e-con-inner\">\n\t\t\t\t<div class=\"elementor-element elementor-element-62320ec elementor-widget elementor-widget-heading\" data-id=\"62320ec\" data-element_type=\"widget\" data-e-type=\"widget\" data-widget_type=\"heading.default\">\n\t\t\t\t\t<h1 class=\"elementor-heading-title elementor-size-default\">Deluxe Apartman<\/h1>\t\t\t\t<\/div>\n\t\t\t\t\t<\/div>\n\t\t\t\t<\/div>\n\t\t<div class=\"elementor-element elementor-element-0a99156 e-flex e-con-boxed e-con e-parent\" data-id=\"0a99156\" data-element_type=\"container\" data-e-type=\"container\">\n\t\t\t\t\t<div class=\"e-con-inner\">\n\t\t<div class=\"elementor-element elementor-element-63284a3 e-con-full e-flex e-con e-child\" data-id=\"63284a3\" data-element_type=\"container\" data-e-type=\"container\">\n\t\t\t\t<div class=\"elementor-element elementor-element-1f8dfc7 animated-slow elementor-invisible elementor-widget elementor-widget-heading\" data-id=\"1f8dfc7\" data-element_type=\"widget\" data-e-type=\"widget\" data-settings=\"{&quot;_animation&quot;:&quot;fadeIn&quot;,&quot;_animation_delay&quot;:100}\" data-widget_type=\"heading.default\">\n\t\t\t\t\t<h2 class=\"elementor-heading-title elementor-size-default\">O apartmanu<\/h2>\t\t\t\t<\/div>\n\t\t\t\t<div class=\"elementor-element elementor-element-de412ba elementor-widget elementor-widget-text-editor\" data-id=\"de412ba\" data-element_type=\"widget\" data-e-type=\"widget\" data-widget_type=\"text-editor.default\">\n\t\t\t\t\t\t\t\t\t<p data-pm-slice=\"0 0 []\">Klimatizirani dvokrevetni apartman za 2 odrasle osobe ili 2 odrasle osobe i 1 malo dijete do 6 godina, pogled na ju\u017enu stranu. Apartman je opremljen bra\u010dnim krevetom i pomo\u0107nim le\u017eajem za dijete do 6 godina. Veli\u010dina apartmana je 20 m2, a sastoji se od dvokrevetne sobe s balkonom, kuhinje s balkonom i kupaonice s tu\u0161em. Apartman ima potpuno opremljenu kuhinju, posteljinu, deke, ru\u010dnike, su\u0161ilo za kosu. U sobi se nalazi ormar s ladicama, posteljina je pripremljena na krevetu. U slu\u010daju pomo\u0107nog le\u017eaja, posteljina i deke za kau\u010d na razvla\u010denje dobivaju se na zahtjev uz nadoplatu.<\/p><p>U cijenu je uklju\u010den Wi-Fi, SAT TV, \u010di\u0161\u0107enje i parkirno mjesto.<\/p><p>Napominjemo da se usluga \u010di\u0161\u0107enja i promjena ru\u010dnika i posteljine vr\u0161i jednom tjedno.<\/p>\t\t\t\t\t\t\t\t<\/div>\n\t\t\t\t<\/div>\n\t\t<div class=\"elementor-element elementor-element-05263e5 e-con-full e-flex e-con e-child\" data-id=\"05263e5\" data-element_type=\"container\" data-e-type=\"container\">\n\t\t\t\t<div class=\"elementor-element elementor-element-4b1d5f8 elementor-position-left elementor-vertical-align-middle elementor-invisible elementor-widget elementor-widget-image-box\" data-id=\"4b1d5f8\" data-element_type=\"widget\" data-e-type=\"widget\" data-settings=\"{&quot;_animation&quot;:&quot;fadeIn&quot;,&quot;_animation_delay&quot;:100}\" data-widget_type=\"image-box.default\">\n\t\t\t\t\t<div class=\"elementor-image-box-wrapper\"><figure class=\"elementor-image-box-img\"><img fetchpriority=\"high\" decoding=\"async\" width=\"512\" height=\"512\" src=\"https:\/\/pansion-palme.com\/wp-content\/uploads\/2025\/04\/house-size.png\" class=\"attachment-full size-full wp-image-3173\" alt=\"\" srcset=\"https:\/\/pansion-palme.com\/wp-content\/uploads\/2025\/04\/house-size.png 512w, https:\/\/pansion-palme.com\/wp-content\/uploads\/2025\/04\/house-size-300x300.png 300w, https:\/\/pansion-palme.com\/wp-content\/uploads\/2025\/04\/house-size-150x150.png 150w, https:\/\/pansion-palme.com\/wp-content\/uploads\/2025\/04\/house-size-12x12.png 12w\" sizes=\"(max-width: 512px) 100vw, 512px\" \/><\/figure><div class=\"elementor-image-box-content\"><p class=\"elementor-image-box-description\">20 m\u00b2<\/p><\/div><\/div>\t\t\t\t<\/div>\n\t\t\t\t<div class=\"elementor-element elementor-element-7b4c109 elementor-position-left elementor-vertical-align-middle elementor-invisible elementor-widget elementor-widget-image-box\" data-id=\"7b4c109\" data-element_type=\"widget\" data-e-type=\"widget\" data-settings=\"{&quot;_animation&quot;:&quot;fadeIn&quot;,&quot;_animation_delay&quot;:200}\" data-widget_type=\"image-box.default\">\n\t\t\t\t\t<div class=\"elementor-image-box-wrapper\"><figure class=\"elementor-image-box-img\"><img decoding=\"async\" width=\"512\" height=\"512\" src=\"https:\/\/pansion-palme.com\/wp-content\/uploads\/2025\/04\/people-1.png\" class=\"attachment-full size-full wp-image-3161\" alt=\"\" srcset=\"https:\/\/pansion-palme.com\/wp-content\/uploads\/2025\/04\/people-1.png 512w, https:\/\/pansion-palme.com\/wp-content\/uploads\/2025\/04\/people-1-300x300.png 300w, https:\/\/pansion-palme.com\/wp-content\/uploads\/2025\/04\/people-1-150x150.png 150w, https:\/\/pansion-palme.com\/wp-content\/uploads\/2025\/04\/people-1-12x12.png 12w\" sizes=\"(max-width: 512px) 100vw, 512px\" \/><\/figure><div class=\"elementor-image-box-content\"><p class=\"elementor-image-box-description\">2 odrasle osobe + 1 malo dijete<\/p><\/div><\/div>\t\t\t\t<\/div>\n\t\t\t\t<div class=\"elementor-element elementor-element-580c983 elementor-position-left elementor-vertical-align-middle elementor-invisible elementor-widget elementor-widget-image-box\" data-id=\"580c983\" data-element_type=\"widget\" data-e-type=\"widget\" data-settings=\"{&quot;_animation&quot;:&quot;fadeIn&quot;,&quot;_animation_delay&quot;:300}\" data-widget_type=\"image-box.default\">\n\t\t\t\t\t<div class=\"elementor-image-box-wrapper\"><figure class=\"elementor-image-box-img\"><img decoding=\"async\" width=\"512\" height=\"512\" src=\"https:\/\/pansion-palme.com\/wp-content\/uploads\/2025\/04\/single-bed-1.png\" class=\"attachment-full size-full wp-image-3162\" alt=\"\" srcset=\"https:\/\/pansion-palme.com\/wp-content\/uploads\/2025\/04\/single-bed-1.png 512w, https:\/\/pansion-palme.com\/wp-content\/uploads\/2025\/04\/single-bed-1-300x300.png 300w, https:\/\/pansion-palme.com\/wp-content\/uploads\/2025\/04\/single-bed-1-150x150.png 150w, https:\/\/pansion-palme.com\/wp-content\/uploads\/2025\/04\/single-bed-1-12x12.png 12w\" sizes=\"(max-width: 512px) 100vw, 512px\" \/><\/figure><div class=\"elementor-image-box-content\"><p class=\"elementor-image-box-description\">1 bra\u010dni krevet + dodatni le\u017eaj<\/p><\/div><\/div>\t\t\t\t<\/div>\n\t\t\t\t<div class=\"elementor-element elementor-element-c1122f9 elementor-position-left elementor-vertical-align-middle elementor-invisible elementor-widget elementor-widget-image-box\" data-id=\"c1122f9\" data-element_type=\"widget\" data-e-type=\"widget\" data-settings=\"{&quot;_animation&quot;:&quot;fadeIn&quot;,&quot;_animation_delay&quot;:400}\" data-widget_type=\"image-box.default\">\n\t\t\t\t\t<div class=\"elementor-image-box-wrapper\"><figure class=\"elementor-image-box-img\"><img loading=\"lazy\" decoding=\"async\" width=\"512\" height=\"512\" src=\"https:\/\/pansion-palme.com\/wp-content\/uploads\/2025\/04\/wifi-signal.png\" class=\"attachment-full size-full wp-image-3174\" alt=\"\" srcset=\"https:\/\/pansion-palme.com\/wp-content\/uploads\/2025\/04\/wifi-signal.png 512w, https:\/\/pansion-palme.com\/wp-content\/uploads\/2025\/04\/wifi-signal-300x300.png 300w, https:\/\/pansion-palme.com\/wp-content\/uploads\/2025\/04\/wifi-signal-150x150.png 150w, https:\/\/pansion-palme.com\/wp-content\/uploads\/2025\/04\/wifi-signal-12x12.png 12w\" sizes=\"(max-width: 512px) 100vw, 512px\" \/><\/figure><div class=\"elementor-image-box-content\"><p class=\"elementor-image-box-description\">Besplatan Wi-Fi<\/p><\/div><\/div>\t\t\t\t<\/div>\n\t\t\t\t<\/div>\n\t\t\t\t\t<\/div>\n\t\t\t\t<\/div>\n\t\t<div class=\"elementor-element elementor-element-a79535b e-flex e-con-boxed e-con e-parent\" data-id=\"a79535b\" data-element_type=\"container\" data-e-type=\"container\">\n\t\t\t\t\t<div class=\"e-con-inner\">\n\t\t\t\t<div class=\"elementor-element elementor-element-9eb3fb3 animated-slow elementor-invisible elementor-widget elementor-widget-heading\" data-id=\"9eb3fb3\" data-element_type=\"widget\" data-e-type=\"widget\" data-settings=\"{&quot;_animation&quot;:&quot;fadeIn&quot;,&quot;_animation_delay&quot;:100}\" data-widget_type=\"heading.default\">\n\t\t\t\t\t<h2 class=\"elementor-heading-title elementor-size-default\">Galerija<\/h2>\t\t\t\t<\/div>\n\t\t\t\t<div class=\"elementor-element elementor-element-08084fb gallery-spacing-custom elementor-widget elementor-widget-image-gallery\" data-id=\"08084fb\" data-element_type=\"widget\" data-e-type=\"widget\" data-widget_type=\"image-gallery.default\">\n\t\t\t\t\t\t\t<div class=\"elementor-image-gallery\">\n\t\t\t<div id='gallery-1' class='gallery galleryid-2473 gallery-columns-4 gallery-size-full'><figure class='gallery-item'>\n\t\t\t<div class='gallery-icon landscape'>\n\t\t\t\t<a data-elementor-open-lightbox=\"yes\" data-elementor-lightbox-slideshow=\"08084fb\" data-elementor-lightbox-title=\"deluxe1\" data-e-action-hash=\"#elementor-action%3Aaction%3Dlightbox%26settings%3DeyJpZCI6MzY0MCwidXJsIjoiaHR0cHM6XC9cL3BhbnNpb24tcGFsbWUuY29tXC93cC1jb250ZW50XC91cGxvYWRzXC8yMDI2XC8wMlwvZGVsdXhlMS5qcGciLCJzbGlkZXNob3ciOiIwODA4NGZiIn0%3D\" href='https:\/\/pansion-palme.com\/wp-content\/uploads\/2026\/02\/deluxe1.jpg'><img loading=\"lazy\" decoding=\"async\" width=\"1000\" height=\"738\" src=\"https:\/\/pansion-palme.com\/wp-content\/uploads\/2026\/02\/deluxe1.jpg\" class=\"attachment-full size-full\" alt=\"\" srcset=\"https:\/\/pansion-palme.com\/wp-content\/uploads\/2026\/02\/deluxe1.jpg 1000w, https:\/\/pansion-palme.com\/wp-content\/uploads\/2026\/02\/deluxe1-300x221.jpg 300w, https:\/\/pansion-palme.com\/wp-content\/uploads\/2026\/02\/deluxe1-768x567.jpg 768w, https:\/\/pansion-palme.com\/wp-content\/uploads\/2026\/02\/deluxe1-16x12.jpg 16w\" sizes=\"(max-width: 1000px) 100vw, 1000px\" \/><\/a>\n\t\t\t<\/div><\/figure><figure class='gallery-item'>\n\t\t\t<div class='gallery-icon landscape'>\n\t\t\t\t<a data-elementor-open-lightbox=\"yes\" data-elementor-lightbox-slideshow=\"08084fb\" data-elementor-lightbox-title=\"deluxe2\" data-e-action-hash=\"#elementor-action%3Aaction%3Dlightbox%26settings%3DeyJpZCI6MzY0MSwidXJsIjoiaHR0cHM6XC9cL3BhbnNpb24tcGFsbWUuY29tXC93cC1jb250ZW50XC91cGxvYWRzXC8yMDI2XC8wMlwvZGVsdXhlMi5qcGciLCJzbGlkZXNob3ciOiIwODA4NGZiIn0%3D\" href='https:\/\/pansion-palme.com\/wp-content\/uploads\/2026\/02\/deluxe2.jpg'><img loading=\"lazy\" decoding=\"async\" width=\"1000\" height=\"738\" src=\"https:\/\/pansion-palme.com\/wp-content\/uploads\/2026\/02\/deluxe2.jpg\" class=\"attachment-full size-full\" alt=\"\" srcset=\"https:\/\/pansion-palme.com\/wp-content\/uploads\/2026\/02\/deluxe2.jpg 1000w, https:\/\/pansion-palme.com\/wp-content\/uploads\/2026\/02\/deluxe2-300x221.jpg 300w, https:\/\/pansion-palme.com\/wp-content\/uploads\/2026\/02\/deluxe2-768x567.jpg 768w, https:\/\/pansion-palme.com\/wp-content\/uploads\/2026\/02\/deluxe2-16x12.jpg 16w\" sizes=\"(max-width: 1000px) 100vw, 1000px\" \/><\/a>\n\t\t\t<\/div><\/figure><figure class='gallery-item'>\n\t\t\t<div class='gallery-icon landscape'>\n\t\t\t\t<a data-elementor-open-lightbox=\"yes\" data-elementor-lightbox-slideshow=\"08084fb\" data-elementor-lightbox-title=\"deluxe3\" data-e-action-hash=\"#elementor-action%3Aaction%3Dlightbox%26settings%3DeyJpZCI6MzY0MiwidXJsIjoiaHR0cHM6XC9cL3BhbnNpb24tcGFsbWUuY29tXC93cC1jb250ZW50XC91cGxvYWRzXC8yMDI2XC8wMlwvZGVsdXhlMy5qcGciLCJzbGlkZXNob3ciOiIwODA4NGZiIn0%3D\" href='https:\/\/pansion-palme.com\/wp-content\/uploads\/2026\/02\/deluxe3.jpg'><img loading=\"lazy\" decoding=\"async\" width=\"1000\" height=\"738\" src=\"https:\/\/pansion-palme.com\/wp-content\/uploads\/2026\/02\/deluxe3.jpg\" class=\"attachment-full size-full\" alt=\"\" srcset=\"https:\/\/pansion-palme.com\/wp-content\/uploads\/2026\/02\/deluxe3.jpg 1000w, https:\/\/pansion-palme.com\/wp-content\/uploads\/2026\/02\/deluxe3-300x221.jpg 300w, https:\/\/pansion-palme.com\/wp-content\/uploads\/2026\/02\/deluxe3-768x567.jpg 768w, https:\/\/pansion-palme.com\/wp-content\/uploads\/2026\/02\/deluxe3-16x12.jpg 16w\" sizes=\"(max-width: 1000px) 100vw, 1000px\" \/><\/a>\n\t\t\t<\/div><\/figure><figure class='gallery-item'>\n\t\t\t<div class='gallery-icon landscape'>\n\t\t\t\t<a data-elementor-open-lightbox=\"yes\" data-elementor-lightbox-slideshow=\"08084fb\" data-elementor-lightbox-title=\"IMG_2335-Edit-3\" data-e-action-hash=\"#elementor-action%3Aaction%3Dlightbox%26settings%3DeyJpZCI6MzY0MywidXJsIjoiaHR0cHM6XC9cL3BhbnNpb24tcGFsbWUuY29tXC93cC1jb250ZW50XC91cGxvYWRzXC8yMDI2XC8wMlwvSU1HXzIzMzUtRWRpdC0zLmpwZyIsInNsaWRlc2hvdyI6IjA4MDg0ZmIifQ%3D%3D\" href='https:\/\/pansion-palme.com\/wp-content\/uploads\/2026\/02\/IMG_2335-Edit-3.jpg'><img loading=\"lazy\" decoding=\"async\" width=\"1000\" height=\"750\" src=\"https:\/\/pansion-palme.com\/wp-content\/uploads\/2026\/02\/IMG_2335-Edit-3.jpg\" class=\"attachment-full size-full\" alt=\"\" srcset=\"https:\/\/pansion-palme.com\/wp-content\/uploads\/2026\/02\/IMG_2335-Edit-3.jpg 1000w, https:\/\/pansion-palme.com\/wp-content\/uploads\/2026\/02\/IMG_2335-Edit-3-300x225.jpg 300w, https:\/\/pansion-palme.com\/wp-content\/uploads\/2026\/02\/IMG_2335-Edit-3-768x576.jpg 768w, https:\/\/pansion-palme.com\/wp-content\/uploads\/2026\/02\/IMG_2335-Edit-3-16x12.jpg 16w\" sizes=\"(max-width: 1000px) 100vw, 1000px\" \/><\/a>\n\t\t\t<\/div><\/figure>\n\t\t<\/div>\n\t\t<\/div>\n\t\t\t\t\t\t<\/div>\n\t\t\t\t\t<\/div>\n\t\t\t\t<\/div>\n\t\t<div class=\"elementor-element elementor-element-0b05944 e-flex e-con-boxed e-con e-parent\" data-id=\"0b05944\" data-element_type=\"container\" data-e-type=\"container\">\n\t\t\t\t\t<div class=\"e-con-inner\">\n\t\t\t\t<div class=\"elementor-element elementor-element-f92a840 animated-slow elementor-invisible elementor-widget elementor-widget-heading\" data-id=\"f92a840\" data-element_type=\"widget\" data-e-type=\"widget\" data-settings=\"{&quot;_animation&quot;:&quot;fadeIn&quot;,&quot;_animation_delay&quot;:100}\" data-widget_type=\"heading.default\">\n\t\t\t\t\t<h2 class=\"elementor-heading-title elementor-size-default\">Cjenik<\/h2>\t\t\t\t<\/div>\n\t\t\t\t<div class=\"elementor-element elementor-element-d6ee899 elementor-widget elementor-widget-shortcode\" data-id=\"d6ee899\" data-element_type=\"widget\" data-e-type=\"widget\" data-widget_type=\"shortcode.default\">\n\t\t\t\t\t\t\t<div class=\"elementor-shortcode\"><div id=\"footable_parent_3216\"\n         class=\"footable_parent ninja_table_wrapper loading_ninja_table wp_table_data_press_parent semantic_ui\">\n                <table data-ninja_table_instance=\"ninja_table_instance_0\" data-footable_id=\"3216\" data-filter-delay=\"1000\" aria-label=\"deluxe\"            id=\"footable_3216\"\n           data-unique_identifier=\"ninja_table_unique_id_2278877348_3216\"\n           class=\"foo-table ninja_footable foo_table_3216 ninja_table_unique_id_2278877348_3216 ui table  nt_type_ajax_table selectable striped vertical_centered  footable-paging-right\">\n                <colgroup>\n                            <col class=\"ninja_column_0\">\n                            <col class=\"ninja_column_1\">\n                            <col class=\"ninja_column_2\">\n                            <col class=\"ninja_column_3\">\n                    <\/colgroup>\n            <\/table>\n    \n    \n    \n<\/div>\n<\/div>\n\t\t\t\t\t\t<\/div>\n\t\t\t\t\t<\/div>\n\t\t\t\t<\/div>\n\t\t<div class=\"elementor-element elementor-element-975e584 e-flex e-con-boxed e-con e-parent\" data-id=\"975e584\" data-element_type=\"container\" data-e-type=\"container\">\n\t\t\t\t\t<div class=\"e-con-inner\">\n\t\t\t\t<div class=\"elementor-element elementor-element-a2a4e47 animated-slow elementor-invisible elementor-widget elementor-widget-heading\" data-id=\"a2a4e47\" data-element_type=\"widget\" data-e-type=\"widget\" data-settings=\"{&quot;_animation&quot;:&quot;fadeIn&quot;,&quot;_animation_delay&quot;:100}\" data-widget_type=\"heading.default\">\n\t\t\t\t\t<h2 class=\"elementor-heading-title elementor-size-default\">Lokacija<\/h2>\t\t\t\t<\/div>\n\t\t\t\t<div class=\"elementor-element elementor-element-216cf11 elementor-widget elementor-widget-google_maps\" data-id=\"216cf11\" data-element_type=\"widget\" data-e-type=\"widget\" data-widget_type=\"google_maps.default\">\n\t\t\t\t\t\t\t<div class=\"elementor-custom-embed\">\n\t\t\t<iframe loading=\"lazy\"\n\t\t\t\t\tsrc=\"https:\/\/maps.google.com\/maps?q=Pansion%20Palme%2C%20Donja%20Vala%2C%20Drvenik&#038;t=m&#038;z=15&#038;output=embed&#038;iwloc=near\"\n\t\t\t\t\ttitle=\"Pansion Palme, Donja Vala, Drvenik\"\n\t\t\t\t\taria-label=\"Pansion Palme, Donja Vala, Drvenik\"\n\t\t\t><\/iframe>\n\t\t<\/div>\n\t\t\t\t\t\t<\/div>\n\t\t\t\t\t<\/div>\n\t\t\t\t<\/div>\n\t\t<div class=\"elementor-element elementor-element-f35c11a e-flex e-con-boxed e-con e-parent\" data-id=\"f35c11a\" data-element_type=\"container\" data-e-type=\"container\" data-settings=\"{&quot;background_background&quot;:&quot;classic&quot;}\">\n\t\t\t\t\t<div class=\"e-con-inner\">\n\t\t\t\t<div class=\"elementor-element elementor-element-5835bc5 animated-slow elementor-invisible elementor-widget elementor-widget-heading\" data-id=\"5835bc5\" data-element_type=\"widget\" data-e-type=\"widget\" data-settings=\"{&quot;_animation&quot;:&quot;fadeIn&quot;,&quot;_animation_delay&quot;:100}\" data-widget_type=\"heading.default\">\n\t\t\t\t\t<h2 class=\"elementor-heading-title elementor-size-xl\">Spremni rezervirati svoj boravak?<\/h2>\t\t\t\t<\/div>\n\t\t\t\t<div class=\"elementor-element elementor-element-352cff0 elementor-widget elementor-widget-text-editor\" data-id=\"352cff0\" data-element_type=\"widget\" data-e-type=\"widget\" data-widget_type=\"text-editor.default\">\n\t\t\t\t\t\t\t\t\t<p>Ne propustite savr\u0161en odmor! Rezervirajte svoj apartman u Pansionu Palme ve\u0107 danas i u\u017eivajte u opu\u0161taju\u0107em odmoru uz more. Kliknite na gumb ispod kako biste provjerili dostupnost i osigurali svoje mjesto!   Kliknite ispod i kontaktirajte nas putem na\u0161e web stranice.<\/p>\t\t\t\t\t\t\t\t<\/div>\n\t\t\t\t<div class=\"elementor-element elementor-element-440e0e7 elementor-align-center animated-slow elementor-invisible elementor-widget elementor-widget-button\" data-id=\"440e0e7\" data-element_type=\"widget\" data-e-type=\"widget\" data-settings=\"{&quot;_animation&quot;:&quot;fadeInUp&quot;,&quot;_animation_delay&quot;:200}\" data-widget_type=\"button.default\">\n\t\t\t\t\t\t\t\t\t\t<a class=\"elementor-button elementor-button-link elementor-size-sm\" href=\"https:\/\/pansion-palme.com\/hr\/contact\/\">\n\t\t\t\t\t\t<span class=\"elementor-button-content-wrapper\">\n\t\t\t\t\t\t\t\t\t<span class=\"elementor-button-text\">Rezervirajte svoj boravak<\/span>\n\t\t\t\t\t<\/span>\n\t\t\t\t\t<\/a>\n\t\t\t\t\t\t\t\t<\/div>\n\t\t\t\t\t<\/div>\n\t\t\t\t<\/div>\n\t\t\t\t<\/div>","protected":false},"excerpt":{"rendered":"<p>About Air-conditioned two-bed apartment for 2 adults or 2 adults and 1 small child up to 6 years old, with a view to the south side. The apartment is equipped with a double bed and an extra bed for a child up to 6 years old. The size of the apartment is 20 m2, and [&hellip;]<\/p>\n","protected":false},"author":1,"featured_media":0,"parent":296,"menu_order":0,"comment_status":"closed","ping_status":"closed","template":"","meta":{"footnotes":""},"class_list":["post-2473","page","type-page","status-publish","hentry"],"_links":{"self":[{"href":"https:\/\/pansion-palme.com\/hr\/wp-json\/wp\/v2\/pages\/2473","targetHints":{"allow":["GET"]}}],"collection":[{"href":"https:\/\/pansion-palme.com\/hr\/wp-json\/wp\/v2\/pages"}],"about":[{"href":"https:\/\/pansion-palme.com\/hr\/wp-json\/wp\/v2\/types\/page"}],"author":[{"embeddable":true,"href":"https:\/\/pansion-palme.com\/hr\/wp-json\/wp\/v2\/users\/1"}],"replies":[{"embeddable":true,"href":"https:\/\/pansion-palme.com\/hr\/wp-json\/wp\/v2\/comments?post=2473"}],"version-history":[{"count":6,"href":"https:\/\/pansion-palme.com\/hr\/wp-json\/wp\/v2\/pages\/2473\/revisions"}],"predecessor-version":[{"id":3838,"href":"https:\/\/pansion-palme.com\/hr\/wp-json\/wp\/v2\/pages\/2473\/revisions\/3838"}],"up":[{"embeddable":true,"href":"https:\/\/pansion-palme.com\/hr\/wp-json\/wp\/v2\/pages\/296"}],"wp:attachment":[{"href":"https:\/\/pansion-palme.com\/hr\/wp-json\/wp\/v2\/media?parent=2473"}],"curies":[{"name":"wp","href":"https:\/\/api.w.org\/{rel}","templated":true}]}}