{"id":2499,"date":"2023-12-03T16:41:27","date_gmt":"2023-12-03T15:41:27","guid":{"rendered":"https:\/\/pansion-palme.com\/?page_id=2499"},"modified":"2026-02-23T06:13:00","modified_gmt":"2026-02-23T05:13:00","slug":"family-apartment","status":"publish","type":"page","link":"https:\/\/pansion-palme.com\/hr\/apartments\/family-apartment\/","title":{"rendered":"Obiteljski Apartman"},"content":{"rendered":"<div data-elementor-type=\"wp-page\" data-elementor-id=\"2499\" class=\"elementor elementor-2499\" data-elementor-post-type=\"page\">\n\t\t\t\t<div class=\"elementor-element elementor-element-eabe5e5 e-flex e-con-boxed e-con e-parent\" data-id=\"eabe5e5\" data-element_type=\"container\" data-e-type=\"container\" data-settings=\"{&quot;background_background&quot;:&quot;classic&quot;}\">\n\t\t\t\t\t<div class=\"e-con-inner\">\n\t\t\t\t<div class=\"elementor-element elementor-element-898161b elementor-widget elementor-widget-heading\" data-id=\"898161b\" data-element_type=\"widget\" data-e-type=\"widget\" data-widget_type=\"heading.default\">\n\t\t\t\t\t<h1 class=\"elementor-heading-title elementor-size-default\">Obiteljski Apartman<\/h1>\t\t\t\t<\/div>\n\t\t\t\t\t<\/div>\n\t\t\t\t<\/div>\n\t\t<div class=\"elementor-element elementor-element-ba42626 e-flex e-con-boxed e-con e-parent\" data-id=\"ba42626\" data-element_type=\"container\" data-e-type=\"container\">\n\t\t\t\t\t<div class=\"e-con-inner\">\n\t\t<div class=\"elementor-element elementor-element-efac90a e-con-full e-flex e-con e-child\" data-id=\"efac90a\" data-element_type=\"container\" data-e-type=\"container\">\n\t\t\t\t<div class=\"elementor-element elementor-element-de267ee animated-slow elementor-invisible elementor-widget elementor-widget-heading\" data-id=\"de267ee\" data-element_type=\"widget\" data-e-type=\"widget\" data-settings=\"{&quot;_animation&quot;:&quot;fadeIn&quot;,&quot;_animation_delay&quot;:100}\" data-widget_type=\"heading.default\">\n\t\t\t\t\t<h2 class=\"elementor-heading-title elementor-size-default\">O apartmanu<\/h2>\t\t\t\t<\/div>\n\t\t\t\t<div class=\"elementor-element elementor-element-56f0e70 elementor-widget elementor-widget-text-editor\" data-id=\"56f0e70\" data-element_type=\"widget\" data-e-type=\"widget\" data-widget_type=\"text-editor.default\">\n\t\t\t\t\t\t\t\t\t<p data-pm-slice=\"0 0 []\">Klimatizirani apartman za 4 odrasle osobe ili 4 odrasle osobe i 1 malo dijete do 6 godina (ovisno o tipu apartmana), s pogledom na more i vrt. Veli\u010dina apartmana je 50 m2, a sastoji se od dvije dvokrevetne sobe s balkonom, kuhinje i dvije kupaonice (ovisno o tipu apartmana) s tu\u0161em, svaka soba ima svoju kupaonicu (ovisno o tipu apartmana ). Apartman ima potpuno opremljenu kuhinju, posteljinu, deke, ru\u010dnike, su\u0161ilo za kosu. Sobe sadr\u017ee ormare s ladicama, posteljina je pripremljena na krevetima, SAT TV.<br \/>U slu\u010daju pomo\u0107nog le\u017eaja, posteljina i deke za kau\u010d na razvla\u010denje dobivaju se na zahtjev uz nadoplatu.<\/p><p data-pm-slice=\"0 0 []\">U cijenu je uklju\u010den Wi-Fi, SAT TV, \u010di\u0161\u0107enje i parkirno mjesto.<\/p><p data-pm-slice=\"0 0 []\">Napominjemo da se usluga \u010di\u0161\u0107enja i promjena ru\u010dnika i posteljine vr\u0161i jednom tjedno.<\/p>\t\t\t\t\t\t\t\t<\/div>\n\t\t\t\t<\/div>\n\t\t<div class=\"elementor-element elementor-element-f014b3b e-con-full e-flex e-con e-child\" data-id=\"f014b3b\" data-element_type=\"container\" data-e-type=\"container\">\n\t\t\t\t<div class=\"elementor-element elementor-element-11602c0 elementor-position-left elementor-vertical-align-middle elementor-invisible elementor-widget elementor-widget-image-box\" data-id=\"11602c0\" data-element_type=\"widget\" data-e-type=\"widget\" data-settings=\"{&quot;_animation&quot;:&quot;fadeIn&quot;,&quot;_animation_delay&quot;:100}\" data-widget_type=\"image-box.default\">\n\t\t\t\t\t<div class=\"elementor-image-box-wrapper\"><figure class=\"elementor-image-box-img\"><img fetchpriority=\"high\" decoding=\"async\" width=\"512\" height=\"512\" src=\"https:\/\/pansion-palme.com\/wp-content\/uploads\/2025\/04\/house-size.png\" class=\"attachment-full size-full wp-image-3173\" alt=\"\" srcset=\"https:\/\/pansion-palme.com\/wp-content\/uploads\/2025\/04\/house-size.png 512w, https:\/\/pansion-palme.com\/wp-content\/uploads\/2025\/04\/house-size-300x300.png 300w, https:\/\/pansion-palme.com\/wp-content\/uploads\/2025\/04\/house-size-150x150.png 150w, https:\/\/pansion-palme.com\/wp-content\/uploads\/2025\/04\/house-size-12x12.png 12w\" sizes=\"(max-width: 512px) 100vw, 512px\" \/><\/figure><div class=\"elementor-image-box-content\"><p class=\"elementor-image-box-description\">50 m\u00b2<\/p><\/div><\/div>\t\t\t\t<\/div>\n\t\t\t\t<div class=\"elementor-element elementor-element-58dd636 elementor-position-left elementor-vertical-align-middle elementor-invisible elementor-widget elementor-widget-image-box\" data-id=\"58dd636\" data-element_type=\"widget\" data-e-type=\"widget\" data-settings=\"{&quot;_animation&quot;:&quot;fadeIn&quot;,&quot;_animation_delay&quot;:200}\" data-widget_type=\"image-box.default\">\n\t\t\t\t\t<div class=\"elementor-image-box-wrapper\"><figure class=\"elementor-image-box-img\"><img decoding=\"async\" width=\"512\" height=\"512\" src=\"https:\/\/pansion-palme.com\/wp-content\/uploads\/2025\/04\/people-1.png\" class=\"attachment-full size-full wp-image-3161\" alt=\"\" srcset=\"https:\/\/pansion-palme.com\/wp-content\/uploads\/2025\/04\/people-1.png 512w, https:\/\/pansion-palme.com\/wp-content\/uploads\/2025\/04\/people-1-300x300.png 300w, https:\/\/pansion-palme.com\/wp-content\/uploads\/2025\/04\/people-1-150x150.png 150w, https:\/\/pansion-palme.com\/wp-content\/uploads\/2025\/04\/people-1-12x12.png 12w\" sizes=\"(max-width: 512px) 100vw, 512px\" \/><\/figure><div class=\"elementor-image-box-content\"><p class=\"elementor-image-box-description\">4 odrasle osobe + 1 malo dijete<\/p><\/div><\/div>\t\t\t\t<\/div>\n\t\t\t\t<div class=\"elementor-element elementor-element-3c10e6b elementor-position-left elementor-vertical-align-middle elementor-invisible elementor-widget elementor-widget-image-box\" data-id=\"3c10e6b\" data-element_type=\"widget\" data-e-type=\"widget\" data-settings=\"{&quot;_animation&quot;:&quot;fadeIn&quot;,&quot;_animation_delay&quot;:300}\" data-widget_type=\"image-box.default\">\n\t\t\t\t\t<div class=\"elementor-image-box-wrapper\"><figure class=\"elementor-image-box-img\"><img decoding=\"async\" width=\"512\" height=\"512\" src=\"https:\/\/pansion-palme.com\/wp-content\/uploads\/2025\/04\/single-bed-1.png\" class=\"attachment-full size-full wp-image-3162\" alt=\"\" srcset=\"https:\/\/pansion-palme.com\/wp-content\/uploads\/2025\/04\/single-bed-1.png 512w, https:\/\/pansion-palme.com\/wp-content\/uploads\/2025\/04\/single-bed-1-300x300.png 300w, https:\/\/pansion-palme.com\/wp-content\/uploads\/2025\/04\/single-bed-1-150x150.png 150w, https:\/\/pansion-palme.com\/wp-content\/uploads\/2025\/04\/single-bed-1-12x12.png 12w\" sizes=\"(max-width: 512px) 100vw, 512px\" \/><\/figure><div class=\"elementor-image-box-content\"><p class=\"elementor-image-box-description\">2 bra\u010dna kreveta + dodatni le\u017eaj<\/p><\/div><\/div>\t\t\t\t<\/div>\n\t\t\t\t<div class=\"elementor-element elementor-element-a4330fa elementor-position-left elementor-vertical-align-middle elementor-invisible elementor-widget elementor-widget-image-box\" data-id=\"a4330fa\" data-element_type=\"widget\" data-e-type=\"widget\" data-settings=\"{&quot;_animation&quot;:&quot;fadeIn&quot;,&quot;_animation_delay&quot;:400}\" data-widget_type=\"image-box.default\">\n\t\t\t\t\t<div class=\"elementor-image-box-wrapper\"><figure class=\"elementor-image-box-img\"><img loading=\"lazy\" decoding=\"async\" width=\"512\" height=\"512\" src=\"https:\/\/pansion-palme.com\/wp-content\/uploads\/2025\/04\/wifi-signal.png\" class=\"attachment-full size-full wp-image-3174\" alt=\"\" srcset=\"https:\/\/pansion-palme.com\/wp-content\/uploads\/2025\/04\/wifi-signal.png 512w, https:\/\/pansion-palme.com\/wp-content\/uploads\/2025\/04\/wifi-signal-300x300.png 300w, https:\/\/pansion-palme.com\/wp-content\/uploads\/2025\/04\/wifi-signal-150x150.png 150w, https:\/\/pansion-palme.com\/wp-content\/uploads\/2025\/04\/wifi-signal-12x12.png 12w\" sizes=\"(max-width: 512px) 100vw, 512px\" \/><\/figure><div class=\"elementor-image-box-content\"><p class=\"elementor-image-box-description\">Besplatan Wi-Fi<\/p><\/div><\/div>\t\t\t\t<\/div>\n\t\t\t\t<\/div>\n\t\t\t\t\t<\/div>\n\t\t\t\t<\/div>\n\t\t<div class=\"elementor-element elementor-element-6ffe09f e-flex e-con-boxed e-con e-parent\" data-id=\"6ffe09f\" data-element_type=\"container\" data-e-type=\"container\">\n\t\t\t\t\t<div class=\"e-con-inner\">\n\t\t\t\t<div class=\"elementor-element elementor-element-92603f5 animated-slow elementor-invisible elementor-widget elementor-widget-heading\" data-id=\"92603f5\" data-element_type=\"widget\" data-e-type=\"widget\" data-settings=\"{&quot;_animation&quot;:&quot;fadeIn&quot;,&quot;_animation_delay&quot;:100}\" data-widget_type=\"heading.default\">\n\t\t\t\t\t<h2 class=\"elementor-heading-title elementor-size-default\">Galerija<\/h2>\t\t\t\t<\/div>\n\t\t\t\t<div class=\"elementor-element elementor-element-306fd2b gallery-spacing-custom elementor-widget elementor-widget-image-gallery\" data-id=\"306fd2b\" data-element_type=\"widget\" data-e-type=\"widget\" data-widget_type=\"image-gallery.default\">\n\t\t\t\t\t\t\t<div class=\"elementor-image-gallery\">\n\t\t\t<div id='gallery-1' class='gallery galleryid-2499 gallery-columns-3 gallery-size-full'><figure class='gallery-item'>\n\t\t\t<div class='gallery-icon landscape'>\n\t\t\t\t<a data-elementor-open-lightbox=\"yes\" data-elementor-lightbox-slideshow=\"306fd2b\" data-elementor-lightbox-title=\"IMG_2251-1\" data-e-action-hash=\"#elementor-action%3Aaction%3Dlightbox%26settings%3DeyJpZCI6MzY0OCwidXJsIjoiaHR0cHM6XC9cL3BhbnNpb24tcGFsbWUuY29tXC93cC1jb250ZW50XC91cGxvYWRzXC8yMDI2XC8wMlwvSU1HXzIyNTEtMS5qcGciLCJzbGlkZXNob3ciOiIzMDZmZDJiIn0%3D\" href='https:\/\/pansion-palme.com\/wp-content\/uploads\/2026\/02\/IMG_2251-1.jpg'><img loading=\"lazy\" decoding=\"async\" width=\"1000\" height=\"750\" src=\"https:\/\/pansion-palme.com\/wp-content\/uploads\/2026\/02\/IMG_2251-1.jpg\" class=\"attachment-full size-full\" alt=\"\" srcset=\"https:\/\/pansion-palme.com\/wp-content\/uploads\/2026\/02\/IMG_2251-1.jpg 1000w, https:\/\/pansion-palme.com\/wp-content\/uploads\/2026\/02\/IMG_2251-1-300x225.jpg 300w, https:\/\/pansion-palme.com\/wp-content\/uploads\/2026\/02\/IMG_2251-1-768x576.jpg 768w, https:\/\/pansion-palme.com\/wp-content\/uploads\/2026\/02\/IMG_2251-1-16x12.jpg 16w\" sizes=\"(max-width: 1000px) 100vw, 1000px\" \/><\/a>\n\t\t\t<\/div><\/figure><figure class='gallery-item'>\n\t\t\t<div class='gallery-icon landscape'>\n\t\t\t\t<a data-elementor-open-lightbox=\"yes\" data-elementor-lightbox-slideshow=\"306fd2b\" data-elementor-lightbox-title=\"IMG_2263-1\" data-e-action-hash=\"#elementor-action%3Aaction%3Dlightbox%26settings%3DeyJpZCI6MzY0OSwidXJsIjoiaHR0cHM6XC9cL3BhbnNpb24tcGFsbWUuY29tXC93cC1jb250ZW50XC91cGxvYWRzXC8yMDI2XC8wMlwvSU1HXzIyNjMtMS5qcGciLCJzbGlkZXNob3ciOiIzMDZmZDJiIn0%3D\" href='https:\/\/pansion-palme.com\/wp-content\/uploads\/2026\/02\/IMG_2263-1.jpg'><img loading=\"lazy\" decoding=\"async\" width=\"1000\" height=\"750\" src=\"https:\/\/pansion-palme.com\/wp-content\/uploads\/2026\/02\/IMG_2263-1.jpg\" class=\"attachment-full size-full\" alt=\"\" srcset=\"https:\/\/pansion-palme.com\/wp-content\/uploads\/2026\/02\/IMG_2263-1.jpg 1000w, https:\/\/pansion-palme.com\/wp-content\/uploads\/2026\/02\/IMG_2263-1-300x225.jpg 300w, https:\/\/pansion-palme.com\/wp-content\/uploads\/2026\/02\/IMG_2263-1-768x576.jpg 768w, https:\/\/pansion-palme.com\/wp-content\/uploads\/2026\/02\/IMG_2263-1-16x12.jpg 16w\" sizes=\"(max-width: 1000px) 100vw, 1000px\" \/><\/a>\n\t\t\t<\/div><\/figure><figure class='gallery-item'>\n\t\t\t<div class='gallery-icon landscape'>\n\t\t\t\t<a data-elementor-open-lightbox=\"yes\" data-elementor-lightbox-slideshow=\"306fd2b\" data-elementor-lightbox-title=\"IMG_2268-1\" data-e-action-hash=\"#elementor-action%3Aaction%3Dlightbox%26settings%3DeyJpZCI6MzY1MCwidXJsIjoiaHR0cHM6XC9cL3BhbnNpb24tcGFsbWUuY29tXC93cC1jb250ZW50XC91cGxvYWRzXC8yMDI2XC8wMlwvSU1HXzIyNjgtMS5qcGciLCJzbGlkZXNob3ciOiIzMDZmZDJiIn0%3D\" href='https:\/\/pansion-palme.com\/wp-content\/uploads\/2026\/02\/IMG_2268-1.jpg'><img loading=\"lazy\" decoding=\"async\" width=\"1000\" height=\"750\" src=\"https:\/\/pansion-palme.com\/wp-content\/uploads\/2026\/02\/IMG_2268-1.jpg\" class=\"attachment-full size-full\" alt=\"\" srcset=\"https:\/\/pansion-palme.com\/wp-content\/uploads\/2026\/02\/IMG_2268-1.jpg 1000w, https:\/\/pansion-palme.com\/wp-content\/uploads\/2026\/02\/IMG_2268-1-300x225.jpg 300w, https:\/\/pansion-palme.com\/wp-content\/uploads\/2026\/02\/IMG_2268-1-768x576.jpg 768w, https:\/\/pansion-palme.com\/wp-content\/uploads\/2026\/02\/IMG_2268-1-16x12.jpg 16w\" sizes=\"(max-width: 1000px) 100vw, 1000px\" \/><\/a>\n\t\t\t<\/div><\/figure><figure class='gallery-item'>\n\t\t\t<div class='gallery-icon landscape'>\n\t\t\t\t<a data-elementor-open-lightbox=\"yes\" data-elementor-lightbox-slideshow=\"306fd2b\" data-elementor-lightbox-title=\"IMG_2270-1\" data-e-action-hash=\"#elementor-action%3Aaction%3Dlightbox%26settings%3DeyJpZCI6MzY1MSwidXJsIjoiaHR0cHM6XC9cL3BhbnNpb24tcGFsbWUuY29tXC93cC1jb250ZW50XC91cGxvYWRzXC8yMDI2XC8wMlwvSU1HXzIyNzAtMS5qcGciLCJzbGlkZXNob3ciOiIzMDZmZDJiIn0%3D\" href='https:\/\/pansion-palme.com\/wp-content\/uploads\/2026\/02\/IMG_2270-1.jpg'><img loading=\"lazy\" decoding=\"async\" width=\"1000\" height=\"750\" src=\"https:\/\/pansion-palme.com\/wp-content\/uploads\/2026\/02\/IMG_2270-1.jpg\" class=\"attachment-full size-full\" alt=\"\" srcset=\"https:\/\/pansion-palme.com\/wp-content\/uploads\/2026\/02\/IMG_2270-1.jpg 1000w, https:\/\/pansion-palme.com\/wp-content\/uploads\/2026\/02\/IMG_2270-1-300x225.jpg 300w, https:\/\/pansion-palme.com\/wp-content\/uploads\/2026\/02\/IMG_2270-1-768x576.jpg 768w, https:\/\/pansion-palme.com\/wp-content\/uploads\/2026\/02\/IMG_2270-1-16x12.jpg 16w\" sizes=\"(max-width: 1000px) 100vw, 1000px\" \/><\/a>\n\t\t\t<\/div><\/figure><figure class='gallery-item'>\n\t\t\t<div class='gallery-icon landscape'>\n\t\t\t\t<a data-elementor-open-lightbox=\"yes\" data-elementor-lightbox-slideshow=\"306fd2b\" data-elementor-lightbox-title=\"IMG_2275-1\" data-e-action-hash=\"#elementor-action%3Aaction%3Dlightbox%26settings%3DeyJpZCI6MzY1MiwidXJsIjoiaHR0cHM6XC9cL3BhbnNpb24tcGFsbWUuY29tXC93cC1jb250ZW50XC91cGxvYWRzXC8yMDI2XC8wMlwvSU1HXzIyNzUtMS5qcGciLCJzbGlkZXNob3ciOiIzMDZmZDJiIn0%3D\" href='https:\/\/pansion-palme.com\/wp-content\/uploads\/2026\/02\/IMG_2275-1.jpg'><img loading=\"lazy\" decoding=\"async\" width=\"1000\" height=\"750\" src=\"https:\/\/pansion-palme.com\/wp-content\/uploads\/2026\/02\/IMG_2275-1.jpg\" class=\"attachment-full size-full\" alt=\"\" srcset=\"https:\/\/pansion-palme.com\/wp-content\/uploads\/2026\/02\/IMG_2275-1.jpg 1000w, https:\/\/pansion-palme.com\/wp-content\/uploads\/2026\/02\/IMG_2275-1-300x225.jpg 300w, https:\/\/pansion-palme.com\/wp-content\/uploads\/2026\/02\/IMG_2275-1-768x576.jpg 768w, https:\/\/pansion-palme.com\/wp-content\/uploads\/2026\/02\/IMG_2275-1-16x12.jpg 16w\" sizes=\"(max-width: 1000px) 100vw, 1000px\" \/><\/a>\n\t\t\t<\/div><\/figure><figure class='gallery-item'>\n\t\t\t<div class='gallery-icon landscape'>\n\t\t\t\t<a data-elementor-open-lightbox=\"yes\" data-elementor-lightbox-slideshow=\"306fd2b\" data-elementor-lightbox-title=\"IMG_2277-1\" data-e-action-hash=\"#elementor-action%3Aaction%3Dlightbox%26settings%3DeyJpZCI6MzY1MywidXJsIjoiaHR0cHM6XC9cL3BhbnNpb24tcGFsbWUuY29tXC93cC1jb250ZW50XC91cGxvYWRzXC8yMDI2XC8wMlwvSU1HXzIyNzctMS5qcGciLCJzbGlkZXNob3ciOiIzMDZmZDJiIn0%3D\" href='https:\/\/pansion-palme.com\/wp-content\/uploads\/2026\/02\/IMG_2277-1.jpg'><img loading=\"lazy\" decoding=\"async\" width=\"1000\" height=\"750\" src=\"https:\/\/pansion-palme.com\/wp-content\/uploads\/2026\/02\/IMG_2277-1.jpg\" class=\"attachment-full size-full\" alt=\"\" srcset=\"https:\/\/pansion-palme.com\/wp-content\/uploads\/2026\/02\/IMG_2277-1.jpg 1000w, https:\/\/pansion-palme.com\/wp-content\/uploads\/2026\/02\/IMG_2277-1-300x225.jpg 300w, https:\/\/pansion-palme.com\/wp-content\/uploads\/2026\/02\/IMG_2277-1-768x576.jpg 768w, https:\/\/pansion-palme.com\/wp-content\/uploads\/2026\/02\/IMG_2277-1-16x12.jpg 16w\" sizes=\"(max-width: 1000px) 100vw, 1000px\" \/><\/a>\n\t\t\t<\/div><\/figure><figure class='gallery-item'>\n\t\t\t<div class='gallery-icon landscape'>\n\t\t\t\t<a data-elementor-open-lightbox=\"yes\" data-elementor-lightbox-slideshow=\"306fd2b\" data-elementor-lightbox-title=\"IMG_2280-1\" data-e-action-hash=\"#elementor-action%3Aaction%3Dlightbox%26settings%3DeyJpZCI6MzY1NCwidXJsIjoiaHR0cHM6XC9cL3BhbnNpb24tcGFsbWUuY29tXC93cC1jb250ZW50XC91cGxvYWRzXC8yMDI2XC8wMlwvSU1HXzIyODAtMS5qcGciLCJzbGlkZXNob3ciOiIzMDZmZDJiIn0%3D\" href='https:\/\/pansion-palme.com\/wp-content\/uploads\/2026\/02\/IMG_2280-1.jpg'><img loading=\"lazy\" decoding=\"async\" width=\"1000\" height=\"750\" src=\"https:\/\/pansion-palme.com\/wp-content\/uploads\/2026\/02\/IMG_2280-1.jpg\" class=\"attachment-full size-full\" alt=\"\" srcset=\"https:\/\/pansion-palme.com\/wp-content\/uploads\/2026\/02\/IMG_2280-1.jpg 1000w, https:\/\/pansion-palme.com\/wp-content\/uploads\/2026\/02\/IMG_2280-1-300x225.jpg 300w, https:\/\/pansion-palme.com\/wp-content\/uploads\/2026\/02\/IMG_2280-1-768x576.jpg 768w, https:\/\/pansion-palme.com\/wp-content\/uploads\/2026\/02\/IMG_2280-1-16x12.jpg 16w\" sizes=\"(max-width: 1000px) 100vw, 1000px\" \/><\/a>\n\t\t\t<\/div><\/figure><figure class='gallery-item'>\n\t\t\t<div class='gallery-icon landscape'>\n\t\t\t\t<a data-elementor-open-lightbox=\"yes\" data-elementor-lightbox-slideshow=\"306fd2b\" data-elementor-lightbox-title=\"IMG_2303-1\" data-e-action-hash=\"#elementor-action%3Aaction%3Dlightbox%26settings%3DeyJpZCI6MzY1NSwidXJsIjoiaHR0cHM6XC9cL3BhbnNpb24tcGFsbWUuY29tXC93cC1jb250ZW50XC91cGxvYWRzXC8yMDI2XC8wMlwvSU1HXzIzMDMtMS5qcGciLCJzbGlkZXNob3ciOiIzMDZmZDJiIn0%3D\" href='https:\/\/pansion-palme.com\/wp-content\/uploads\/2026\/02\/IMG_2303-1.jpg'><img loading=\"lazy\" decoding=\"async\" width=\"1000\" height=\"750\" src=\"https:\/\/pansion-palme.com\/wp-content\/uploads\/2026\/02\/IMG_2303-1.jpg\" class=\"attachment-full size-full\" alt=\"\" srcset=\"https:\/\/pansion-palme.com\/wp-content\/uploads\/2026\/02\/IMG_2303-1.jpg 1000w, https:\/\/pansion-palme.com\/wp-content\/uploads\/2026\/02\/IMG_2303-1-300x225.jpg 300w, https:\/\/pansion-palme.com\/wp-content\/uploads\/2026\/02\/IMG_2303-1-768x576.jpg 768w, https:\/\/pansion-palme.com\/wp-content\/uploads\/2026\/02\/IMG_2303-1-16x12.jpg 16w\" sizes=\"(max-width: 1000px) 100vw, 1000px\" \/><\/a>\n\t\t\t<\/div><\/figure><figure class='gallery-item'>\n\t\t\t<div class='gallery-icon landscape'>\n\t\t\t\t<a data-elementor-open-lightbox=\"yes\" data-elementor-lightbox-slideshow=\"306fd2b\" data-elementor-lightbox-title=\"IMG_2306-1\" data-e-action-hash=\"#elementor-action%3Aaction%3Dlightbox%26settings%3DeyJpZCI6MzY1NiwidXJsIjoiaHR0cHM6XC9cL3BhbnNpb24tcGFsbWUuY29tXC93cC1jb250ZW50XC91cGxvYWRzXC8yMDI2XC8wMlwvSU1HXzIzMDYtMS5qcGciLCJzbGlkZXNob3ciOiIzMDZmZDJiIn0%3D\" href='https:\/\/pansion-palme.com\/wp-content\/uploads\/2026\/02\/IMG_2306-1.jpg'><img loading=\"lazy\" decoding=\"async\" width=\"1000\" height=\"750\" src=\"https:\/\/pansion-palme.com\/wp-content\/uploads\/2026\/02\/IMG_2306-1.jpg\" class=\"attachment-full size-full\" alt=\"\" srcset=\"https:\/\/pansion-palme.com\/wp-content\/uploads\/2026\/02\/IMG_2306-1.jpg 1000w, https:\/\/pansion-palme.com\/wp-content\/uploads\/2026\/02\/IMG_2306-1-300x225.jpg 300w, https:\/\/pansion-palme.com\/wp-content\/uploads\/2026\/02\/IMG_2306-1-768x576.jpg 768w, https:\/\/pansion-palme.com\/wp-content\/uploads\/2026\/02\/IMG_2306-1-16x12.jpg 16w\" sizes=\"(max-width: 1000px) 100vw, 1000px\" \/><\/a>\n\t\t\t<\/div><\/figure>\n\t\t<\/div>\n\t\t<\/div>\n\t\t\t\t\t\t<\/div>\n\t\t\t\t\t<\/div>\n\t\t\t\t<\/div>\n\t\t<div class=\"elementor-element elementor-element-7d4587b e-flex e-con-boxed e-con e-parent\" data-id=\"7d4587b\" data-element_type=\"container\" data-e-type=\"container\">\n\t\t\t\t\t<div class=\"e-con-inner\">\n\t\t\t\t<div class=\"elementor-element elementor-element-334b951 animated-slow elementor-invisible elementor-widget elementor-widget-heading\" data-id=\"334b951\" data-element_type=\"widget\" data-e-type=\"widget\" data-settings=\"{&quot;_animation&quot;:&quot;fadeIn&quot;,&quot;_animation_delay&quot;:100}\" data-widget_type=\"heading.default\">\n\t\t\t\t\t<h2 class=\"elementor-heading-title elementor-size-default\">Cjenik<\/h2>\t\t\t\t<\/div>\n\t\t\t\t<div class=\"elementor-element elementor-element-20d2100 elementor-widget elementor-widget-shortcode\" data-id=\"20d2100\" data-element_type=\"widget\" data-e-type=\"widget\" data-widget_type=\"shortcode.default\">\n\t\t\t\t\t\t\t<div class=\"elementor-shortcode\"><div id=\"footable_parent_3211\"\n         class=\"footable_parent ninja_table_wrapper loading_ninja_table wp_table_data_press_parent semantic_ui\">\n                <table data-ninja_table_instance=\"ninja_table_instance_0\" data-footable_id=\"3211\" data-filter-delay=\"1000\" aria-label=\"obitelj\"            id=\"footable_3211\"\n           data-unique_identifier=\"ninja_table_unique_id_4266671022_3211\"\n           class=\"foo-table ninja_footable foo_table_3211 ninja_table_unique_id_4266671022_3211 ui table  nt_type_ajax_table selectable striped vertical_centered  footable-paging-right\">\n                <colgroup>\n                            <col class=\"ninja_column_0\">\n                            <col class=\"ninja_column_1\">\n                            <col class=\"ninja_column_2\">\n                            <col class=\"ninja_column_3\">\n                    <\/colgroup>\n            <\/table>\n    \n    \n    \n<\/div>\n<\/div>\n\t\t\t\t\t\t<\/div>\n\t\t\t\t\t<\/div>\n\t\t\t\t<\/div>\n\t\t<div class=\"elementor-element elementor-element-88e405f e-flex e-con-boxed e-con e-parent\" data-id=\"88e405f\" data-element_type=\"container\" data-e-type=\"container\">\n\t\t\t\t\t<div class=\"e-con-inner\">\n\t\t\t\t<div class=\"elementor-element elementor-element-da485f6 animated-slow elementor-invisible elementor-widget elementor-widget-heading\" data-id=\"da485f6\" data-element_type=\"widget\" data-e-type=\"widget\" data-settings=\"{&quot;_animation&quot;:&quot;fadeIn&quot;,&quot;_animation_delay&quot;:100}\" data-widget_type=\"heading.default\">\n\t\t\t\t\t<h2 class=\"elementor-heading-title elementor-size-default\">Lokacija<\/h2>\t\t\t\t<\/div>\n\t\t\t\t<div class=\"elementor-element elementor-element-50b2c9a elementor-widget elementor-widget-google_maps\" data-id=\"50b2c9a\" data-element_type=\"widget\" data-e-type=\"widget\" data-widget_type=\"google_maps.default\">\n\t\t\t\t\t\t\t<div class=\"elementor-custom-embed\">\n\t\t\t<iframe loading=\"lazy\"\n\t\t\t\t\tsrc=\"https:\/\/maps.google.com\/maps?q=Pansion%20Palme%2C%20Donja%20Vala%2C%20Drvenik&#038;t=m&#038;z=15&#038;output=embed&#038;iwloc=near\"\n\t\t\t\t\ttitle=\"Pansion Palme, Donja Vala, Drvenik\"\n\t\t\t\t\taria-label=\"Pansion Palme, Donja Vala, Drvenik\"\n\t\t\t><\/iframe>\n\t\t<\/div>\n\t\t\t\t\t\t<\/div>\n\t\t\t\t\t<\/div>\n\t\t\t\t<\/div>\n\t\t<div class=\"elementor-element elementor-element-1a98677 e-flex e-con-boxed e-con e-parent\" data-id=\"1a98677\" data-element_type=\"container\" data-e-type=\"container\" data-settings=\"{&quot;background_background&quot;:&quot;classic&quot;}\">\n\t\t\t\t\t<div class=\"e-con-inner\">\n\t\t\t\t<div class=\"elementor-element elementor-element-dc82180 animated-slow elementor-invisible elementor-widget elementor-widget-heading\" data-id=\"dc82180\" data-element_type=\"widget\" data-e-type=\"widget\" data-settings=\"{&quot;_animation&quot;:&quot;fadeIn&quot;,&quot;_animation_delay&quot;:100}\" data-widget_type=\"heading.default\">\n\t\t\t\t\t<h2 class=\"elementor-heading-title elementor-size-xl\">Spremni rezervirati svoj boravak?<\/h2>\t\t\t\t<\/div>\n\t\t\t\t<div class=\"elementor-element elementor-element-04b7717 elementor-widget elementor-widget-text-editor\" data-id=\"04b7717\" data-element_type=\"widget\" data-e-type=\"widget\" data-widget_type=\"text-editor.default\">\n\t\t\t\t\t\t\t\t\t<p>Ne propustite savr\u0161en odmor! Rezervirajte svoj apartman u Pansionu Palme ve\u0107 danas i u\u017eivajte u opu\u0161taju\u0107em odmoru uz more. Kliknite na gumb ispod kako biste provjerili dostupnost i osigurali svoje mjesto!   Kliknite ispod i kontaktirajte nas putem na\u0161e web stranice.<\/p>\t\t\t\t\t\t\t\t<\/div>\n\t\t\t\t<div class=\"elementor-element elementor-element-30d5af4 elementor-align-center animated-slow elementor-invisible elementor-widget elementor-widget-button\" data-id=\"30d5af4\" data-element_type=\"widget\" data-e-type=\"widget\" data-settings=\"{&quot;_animation&quot;:&quot;fadeInUp&quot;,&quot;_animation_delay&quot;:200}\" data-widget_type=\"button.default\">\n\t\t\t\t\t\t\t\t\t\t<a class=\"elementor-button elementor-button-link elementor-size-sm\" href=\"https:\/\/pansion-palme.com\/hr\/contact\/\">\n\t\t\t\t\t\t<span class=\"elementor-button-content-wrapper\">\n\t\t\t\t\t\t\t\t\t<span class=\"elementor-button-text\">Rezervirajte svoj boravak<\/span>\n\t\t\t\t\t<\/span>\n\t\t\t\t\t<\/a>\n\t\t\t\t\t\t\t\t<\/div>\n\t\t\t\t\t<\/div>\n\t\t\t\t<\/div>\n\t\t\t\t<\/div>","protected":false},"excerpt":{"rendered":"<p>About Air-conditioned apartment for 4 adults or 4 adults and 1 small child up to 6 years old (depending on the type of apartment), with a sea view and a garden view. The size of the apartment is 50 m2, and it consists of two double bedrooms with a balcony, a kitchen and two bathrooms [&hellip;]<\/p>\n","protected":false},"author":1,"featured_media":0,"parent":296,"menu_order":0,"comment_status":"closed","ping_status":"closed","template":"","meta":{"footnotes":""},"class_list":["post-2499","page","type-page","status-publish","hentry"],"_links":{"self":[{"href":"https:\/\/pansion-palme.com\/hr\/wp-json\/wp\/v2\/pages\/2499","targetHints":{"allow":["GET"]}}],"collection":[{"href":"https:\/\/pansion-palme.com\/hr\/wp-json\/wp\/v2\/pages"}],"about":[{"href":"https:\/\/pansion-palme.com\/hr\/wp-json\/wp\/v2\/types\/page"}],"author":[{"embeddable":true,"href":"https:\/\/pansion-palme.com\/hr\/wp-json\/wp\/v2\/users\/1"}],"replies":[{"embeddable":true,"href":"https:\/\/pansion-palme.com\/hr\/wp-json\/wp\/v2\/comments?post=2499"}],"version-history":[{"count":3,"href":"https:\/\/pansion-palme.com\/hr\/wp-json\/wp\/v2\/pages\/2499\/revisions"}],"predecessor-version":[{"id":3832,"href":"https:\/\/pansion-palme.com\/hr\/wp-json\/wp\/v2\/pages\/2499\/revisions\/3832"}],"up":[{"embeddable":true,"href":"https:\/\/pansion-palme.com\/hr\/wp-json\/wp\/v2\/pages\/296"}],"wp:attachment":[{"href":"https:\/\/pansion-palme.com\/hr\/wp-json\/wp\/v2\/media?parent=2499"}],"curies":[{"name":"wp","href":"https:\/\/api.w.org\/{rel}","templated":true}]}}