{"id":2545,"date":"2023-12-03T17:14:39","date_gmt":"2023-12-03T16:14:39","guid":{"rendered":"https:\/\/pansion-palme.com\/?page_id=2545"},"modified":"2026-02-23T06:32:10","modified_gmt":"2026-02-23T05:32:10","slug":"presidential-apartment","status":"publish","type":"page","link":"https:\/\/pansion-palme.com\/hr\/apartments\/presidential-apartment\/","title":{"rendered":"Presidental Apartman"},"content":{"rendered":"<div data-elementor-type=\"wp-page\" data-elementor-id=\"2545\" class=\"elementor elementor-2545\" data-elementor-post-type=\"page\">\n\t\t\t\t<div class=\"elementor-element elementor-element-f5af3ca e-flex e-con-boxed e-con e-parent\" data-id=\"f5af3ca\" data-element_type=\"container\" data-e-type=\"container\" data-settings=\"{&quot;background_background&quot;:&quot;classic&quot;}\">\n\t\t\t\t\t<div class=\"e-con-inner\">\n\t\t\t\t<div class=\"elementor-element elementor-element-76819fd elementor-widget elementor-widget-heading\" data-id=\"76819fd\" data-element_type=\"widget\" data-e-type=\"widget\" data-widget_type=\"heading.default\">\n\t\t\t\t\t<h1 class=\"elementor-heading-title elementor-size-default\">Presidental Apartman<\/h1>\t\t\t\t<\/div>\n\t\t\t\t\t<\/div>\n\t\t\t\t<\/div>\n\t\t<div class=\"elementor-element elementor-element-84d8ceb e-flex e-con-boxed e-con e-parent\" data-id=\"84d8ceb\" data-element_type=\"container\" data-e-type=\"container\">\n\t\t\t\t\t<div class=\"e-con-inner\">\n\t\t<div class=\"elementor-element elementor-element-4212a48 e-con-full e-flex e-con e-child\" data-id=\"4212a48\" data-element_type=\"container\" data-e-type=\"container\">\n\t\t\t\t<div class=\"elementor-element elementor-element-15ac8d0 animated-slow elementor-invisible elementor-widget elementor-widget-heading\" data-id=\"15ac8d0\" data-element_type=\"widget\" data-e-type=\"widget\" data-settings=\"{&quot;_animation&quot;:&quot;fadeIn&quot;,&quot;_animation_delay&quot;:100}\" data-widget_type=\"heading.default\">\n\t\t\t\t\t<h2 class=\"elementor-heading-title elementor-size-default\">O apartmanu<\/h2>\t\t\t\t<\/div>\n\t\t\t\t<div class=\"elementor-element elementor-element-7b91094 elementor-widget elementor-widget-text-editor\" data-id=\"7b91094\" data-element_type=\"widget\" data-e-type=\"widget\" data-widget_type=\"text-editor.default\">\n\t\t\t\t\t\t\t\t\t<p data-pm-slice=\"0 0 []\">Klimatizirani dvokrevetni apartman za 2 odrasle osobe i 2 male djece do 6 godina, pogled na more i vrt. Apartman je opremljen bra\u010dnim krevetom i pomo\u0107nim le\u017eajem za dvoje djece do 6 godina.<br \/>Veli\u010dina apartmana je 40 m2, a sastoji se od dvokrevetne spava\u0107e sobe s balkonom, kupaonice s tu\u0161em i kuhinje s dnevnim boravkom i balkonom. U dnevnom boravku se nalazi pomo\u0107ni le\u017eaj za djecu.<br \/>Apartman ima potpuno opremljenu kuhinju, posteljinu, deke, ru\u010dnike, su\u0161ilo za kosu.<br \/>U sobi se nalazi ormar s ladicama, posteljina je pripremljena na krevetu. U slu\u010daju pomo\u0107nog le\u017eaja, posteljina i deke za kau\u010d na razvla\u010denje dobivaju se na zahtjev uz nadoplatu.<\/p><p data-pm-slice=\"0 0 []\"><br \/>U cijenu je uklju\u010den Wi-Fi, SAT TV, \u010di\u0161\u0107enje i parkirno mjesto.<\/p><p data-pm-slice=\"0 0 []\"><br \/>Napominjemo da se usluga \u010di\u0161\u0107enja i promjena ru\u010dnika i posteljine vr\u0161i jednom tjedno.<\/p>\t\t\t\t\t\t\t\t<\/div>\n\t\t\t\t<\/div>\n\t\t<div class=\"elementor-element elementor-element-cdca39b e-con-full e-flex e-con e-child\" data-id=\"cdca39b\" data-element_type=\"container\" data-e-type=\"container\">\n\t\t\t\t<div class=\"elementor-element elementor-element-fb3228d elementor-position-left elementor-vertical-align-middle elementor-invisible elementor-widget elementor-widget-image-box\" data-id=\"fb3228d\" data-element_type=\"widget\" data-e-type=\"widget\" data-settings=\"{&quot;_animation&quot;:&quot;fadeIn&quot;,&quot;_animation_delay&quot;:100}\" data-widget_type=\"image-box.default\">\n\t\t\t\t\t<div class=\"elementor-image-box-wrapper\"><figure class=\"elementor-image-box-img\"><img fetchpriority=\"high\" decoding=\"async\" width=\"512\" height=\"512\" src=\"https:\/\/pansion-palme.com\/wp-content\/uploads\/2025\/04\/house-size.png\" class=\"attachment-full size-full wp-image-3173\" alt=\"\" srcset=\"https:\/\/pansion-palme.com\/wp-content\/uploads\/2025\/04\/house-size.png 512w, https:\/\/pansion-palme.com\/wp-content\/uploads\/2025\/04\/house-size-300x300.png 300w, https:\/\/pansion-palme.com\/wp-content\/uploads\/2025\/04\/house-size-150x150.png 150w, https:\/\/pansion-palme.com\/wp-content\/uploads\/2025\/04\/house-size-12x12.png 12w\" sizes=\"(max-width: 512px) 100vw, 512px\" \/><\/figure><div class=\"elementor-image-box-content\"><p class=\"elementor-image-box-description\">40 m\u00b2<\/p><\/div><\/div>\t\t\t\t<\/div>\n\t\t\t\t<div class=\"elementor-element elementor-element-52087b7 elementor-position-left elementor-vertical-align-middle elementor-invisible elementor-widget elementor-widget-image-box\" data-id=\"52087b7\" data-element_type=\"widget\" data-e-type=\"widget\" data-settings=\"{&quot;_animation&quot;:&quot;fadeIn&quot;,&quot;_animation_delay&quot;:200}\" data-widget_type=\"image-box.default\">\n\t\t\t\t\t<div class=\"elementor-image-box-wrapper\"><figure class=\"elementor-image-box-img\"><img decoding=\"async\" width=\"512\" height=\"512\" src=\"https:\/\/pansion-palme.com\/wp-content\/uploads\/2025\/04\/people-1.png\" class=\"attachment-full size-full wp-image-3161\" alt=\"\" srcset=\"https:\/\/pansion-palme.com\/wp-content\/uploads\/2025\/04\/people-1.png 512w, https:\/\/pansion-palme.com\/wp-content\/uploads\/2025\/04\/people-1-300x300.png 300w, https:\/\/pansion-palme.com\/wp-content\/uploads\/2025\/04\/people-1-150x150.png 150w, https:\/\/pansion-palme.com\/wp-content\/uploads\/2025\/04\/people-1-12x12.png 12w\" sizes=\"(max-width: 512px) 100vw, 512px\" \/><\/figure><div class=\"elementor-image-box-content\"><p class=\"elementor-image-box-description\">2 odrasle osobe + 2 male djece<\/p><\/div><\/div>\t\t\t\t<\/div>\n\t\t\t\t<div class=\"elementor-element elementor-element-7092bba elementor-position-left elementor-vertical-align-middle elementor-invisible elementor-widget elementor-widget-image-box\" data-id=\"7092bba\" data-element_type=\"widget\" data-e-type=\"widget\" data-settings=\"{&quot;_animation&quot;:&quot;fadeIn&quot;,&quot;_animation_delay&quot;:300}\" data-widget_type=\"image-box.default\">\n\t\t\t\t\t<div class=\"elementor-image-box-wrapper\"><figure class=\"elementor-image-box-img\"><img decoding=\"async\" width=\"512\" height=\"512\" src=\"https:\/\/pansion-palme.com\/wp-content\/uploads\/2025\/04\/single-bed-1.png\" class=\"attachment-full size-full wp-image-3162\" alt=\"\" srcset=\"https:\/\/pansion-palme.com\/wp-content\/uploads\/2025\/04\/single-bed-1.png 512w, https:\/\/pansion-palme.com\/wp-content\/uploads\/2025\/04\/single-bed-1-300x300.png 300w, https:\/\/pansion-palme.com\/wp-content\/uploads\/2025\/04\/single-bed-1-150x150.png 150w, https:\/\/pansion-palme.com\/wp-content\/uploads\/2025\/04\/single-bed-1-12x12.png 12w\" sizes=\"(max-width: 512px) 100vw, 512px\" \/><\/figure><div class=\"elementor-image-box-content\"><p class=\"elementor-image-box-description\">2 bra\u010dna kreveta + 1 dodatni le\u017eaj u obliku kau\u010da<\/p><\/div><\/div>\t\t\t\t<\/div>\n\t\t\t\t<div class=\"elementor-element elementor-element-c78334e elementor-position-left elementor-vertical-align-middle elementor-invisible elementor-widget elementor-widget-image-box\" data-id=\"c78334e\" data-element_type=\"widget\" data-e-type=\"widget\" data-settings=\"{&quot;_animation&quot;:&quot;fadeIn&quot;,&quot;_animation_delay&quot;:400}\" data-widget_type=\"image-box.default\">\n\t\t\t\t\t<div class=\"elementor-image-box-wrapper\"><figure class=\"elementor-image-box-img\"><img loading=\"lazy\" decoding=\"async\" width=\"512\" height=\"512\" src=\"https:\/\/pansion-palme.com\/wp-content\/uploads\/2025\/04\/wifi-signal.png\" class=\"attachment-full size-full wp-image-3174\" alt=\"\" srcset=\"https:\/\/pansion-palme.com\/wp-content\/uploads\/2025\/04\/wifi-signal.png 512w, https:\/\/pansion-palme.com\/wp-content\/uploads\/2025\/04\/wifi-signal-300x300.png 300w, https:\/\/pansion-palme.com\/wp-content\/uploads\/2025\/04\/wifi-signal-150x150.png 150w, https:\/\/pansion-palme.com\/wp-content\/uploads\/2025\/04\/wifi-signal-12x12.png 12w\" sizes=\"(max-width: 512px) 100vw, 512px\" \/><\/figure><div class=\"elementor-image-box-content\"><p class=\"elementor-image-box-description\">Besplatan Wi-Fi<\/p><\/div><\/div>\t\t\t\t<\/div>\n\t\t\t\t<\/div>\n\t\t\t\t\t<\/div>\n\t\t\t\t<\/div>\n\t\t<div class=\"elementor-element elementor-element-6dc7f20 e-flex e-con-boxed e-con e-parent\" data-id=\"6dc7f20\" data-element_type=\"container\" data-e-type=\"container\">\n\t\t\t\t\t<div class=\"e-con-inner\">\n\t\t\t\t<div class=\"elementor-element elementor-element-351ca37 animated-slow elementor-invisible elementor-widget elementor-widget-heading\" data-id=\"351ca37\" data-element_type=\"widget\" data-e-type=\"widget\" data-settings=\"{&quot;_animation&quot;:&quot;fadeIn&quot;,&quot;_animation_delay&quot;:100}\" data-widget_type=\"heading.default\">\n\t\t\t\t\t<h2 class=\"elementor-heading-title elementor-size-default\">Galerija<\/h2>\t\t\t\t<\/div>\n\t\t\t\t<div class=\"elementor-element elementor-element-517674d elementor-widget elementor-widget-gallery\" data-id=\"517674d\" data-element_type=\"widget\" data-e-type=\"widget\" data-settings=\"{&quot;gallery_layout&quot;:&quot;masonry&quot;,&quot;columns&quot;:3,&quot;gap&quot;:{&quot;unit&quot;:&quot;px&quot;,&quot;size&quot;:2,&quot;sizes&quot;:[]},&quot;lazyload&quot;:&quot;yes&quot;,&quot;columns_tablet&quot;:2,&quot;columns_mobile&quot;:1,&quot;gap_laptop&quot;:{&quot;unit&quot;:&quot;px&quot;,&quot;size&quot;:10,&quot;sizes&quot;:[]},&quot;gap_tablet&quot;:{&quot;unit&quot;:&quot;px&quot;,&quot;size&quot;:10,&quot;sizes&quot;:[]},&quot;gap_mobile&quot;:{&quot;unit&quot;:&quot;px&quot;,&quot;size&quot;:10,&quot;sizes&quot;:[]},&quot;link_to&quot;:&quot;file&quot;,&quot;overlay_background&quot;:&quot;yes&quot;,&quot;content_hover_animation&quot;:&quot;fade-in&quot;}\" data-widget_type=\"gallery.default\">\n\t\t\t\t\t\t\t<div class=\"elementor-gallery__container\">\n\t\t\t\t\t\t\t<a class=\"e-gallery-item elementor-gallery-item elementor-animated-content\" href=\"https:\/\/pansion-palme.com\/wp-content\/uploads\/2026\/02\/app4_bath1.jpg\" data-elementor-open-lightbox=\"yes\" data-elementor-lightbox-slideshow=\"517674d\" data-elementor-lightbox-title=\"app4_bath1\" data-e-action-hash=\"#elementor-action%3Aaction%3Dlightbox%26settings%3DeyJpZCI6MzY2MCwidXJsIjoiaHR0cHM6XC9cL3BhbnNpb24tcGFsbWUuY29tXC93cC1jb250ZW50XC91cGxvYWRzXC8yMDI2XC8wMlwvYXBwNF9iYXRoMS5qcGciLCJzbGlkZXNob3ciOiI1MTc2NzRkIn0%3D\">\n\t\t\t\t\t<div class=\"e-gallery-image elementor-gallery-item__image\" data-thumbnail=\"https:\/\/pansion-palme.com\/wp-content\/uploads\/2026\/02\/app4_bath1.jpg\" data-width=\"1000\" data-height=\"897\" aria-label=\"\" role=\"img\" ><\/div>\n\t\t\t\t\t\t\t\t\t\t\t<div class=\"elementor-gallery-item__overlay\"><\/div>\n\t\t\t\t\t\t\t\t\t\t\t\t\t\t<\/a>\n\t\t\t\t\t\t\t<a class=\"e-gallery-item elementor-gallery-item elementor-animated-content\" href=\"https:\/\/pansion-palme.com\/wp-content\/uploads\/2026\/02\/app4_bath2.jpg\" data-elementor-open-lightbox=\"yes\" data-elementor-lightbox-slideshow=\"517674d\" data-elementor-lightbox-title=\"app4_bath2\" data-e-action-hash=\"#elementor-action%3Aaction%3Dlightbox%26settings%3DeyJpZCI6MzY2MSwidXJsIjoiaHR0cHM6XC9cL3BhbnNpb24tcGFsbWUuY29tXC93cC1jb250ZW50XC91cGxvYWRzXC8yMDI2XC8wMlwvYXBwNF9iYXRoMi5qcGciLCJzbGlkZXNob3ciOiI1MTc2NzRkIn0%3D\">\n\t\t\t\t\t<div class=\"e-gallery-image elementor-gallery-item__image\" data-thumbnail=\"https:\/\/pansion-palme.com\/wp-content\/uploads\/2026\/02\/app4_bath2.jpg\" data-width=\"749\" data-height=\"1000\" aria-label=\"\" role=\"img\" ><\/div>\n\t\t\t\t\t\t\t\t\t\t\t<div class=\"elementor-gallery-item__overlay\"><\/div>\n\t\t\t\t\t\t\t\t\t\t\t\t\t\t<\/a>\n\t\t\t\t\t\t\t<a class=\"e-gallery-item elementor-gallery-item elementor-animated-content\" href=\"https:\/\/pansion-palme.com\/wp-content\/uploads\/2026\/02\/app4_kitchen.jpg\" data-elementor-open-lightbox=\"yes\" data-elementor-lightbox-slideshow=\"517674d\" data-elementor-lightbox-title=\"app4_kitchen\" data-e-action-hash=\"#elementor-action%3Aaction%3Dlightbox%26settings%3DeyJpZCI6MzY2MiwidXJsIjoiaHR0cHM6XC9cL3BhbnNpb24tcGFsbWUuY29tXC93cC1jb250ZW50XC91cGxvYWRzXC8yMDI2XC8wMlwvYXBwNF9raXRjaGVuLmpwZyIsInNsaWRlc2hvdyI6IjUxNzY3NGQifQ%3D%3D\">\n\t\t\t\t\t<div class=\"e-gallery-image elementor-gallery-item__image\" data-thumbnail=\"https:\/\/pansion-palme.com\/wp-content\/uploads\/2026\/02\/app4_kitchen.jpg\" data-width=\"1000\" data-height=\"745\" aria-label=\"\" role=\"img\" ><\/div>\n\t\t\t\t\t\t\t\t\t\t\t<div class=\"elementor-gallery-item__overlay\"><\/div>\n\t\t\t\t\t\t\t\t\t\t\t\t\t\t<\/a>\n\t\t\t\t\t\t\t<a class=\"e-gallery-item elementor-gallery-item elementor-animated-content\" href=\"https:\/\/pansion-palme.com\/wp-content\/uploads\/2026\/02\/app4_living.jpg\" data-elementor-open-lightbox=\"yes\" data-elementor-lightbox-slideshow=\"517674d\" data-elementor-lightbox-title=\"app4_living\" data-e-action-hash=\"#elementor-action%3Aaction%3Dlightbox%26settings%3DeyJpZCI6MzY2MywidXJsIjoiaHR0cHM6XC9cL3BhbnNpb24tcGFsbWUuY29tXC93cC1jb250ZW50XC91cGxvYWRzXC8yMDI2XC8wMlwvYXBwNF9saXZpbmcuanBnIiwic2xpZGVzaG93IjoiNTE3Njc0ZCJ9\">\n\t\t\t\t\t<div class=\"e-gallery-image elementor-gallery-item__image\" data-thumbnail=\"https:\/\/pansion-palme.com\/wp-content\/uploads\/2026\/02\/app4_living.jpg\" data-width=\"1000\" data-height=\"750\" aria-label=\"\" role=\"img\" ><\/div>\n\t\t\t\t\t\t\t\t\t\t\t<div class=\"elementor-gallery-item__overlay\"><\/div>\n\t\t\t\t\t\t\t\t\t\t\t\t\t\t<\/a>\n\t\t\t\t\t\t\t<a class=\"e-gallery-item elementor-gallery-item elementor-animated-content\" href=\"https:\/\/pansion-palme.com\/wp-content\/uploads\/2026\/02\/app4_room.jpg\" data-elementor-open-lightbox=\"yes\" data-elementor-lightbox-slideshow=\"517674d\" data-elementor-lightbox-title=\"app4_room\" data-e-action-hash=\"#elementor-action%3Aaction%3Dlightbox%26settings%3DeyJpZCI6MzY2NCwidXJsIjoiaHR0cHM6XC9cL3BhbnNpb24tcGFsbWUuY29tXC93cC1jb250ZW50XC91cGxvYWRzXC8yMDI2XC8wMlwvYXBwNF9yb29tLmpwZyIsInNsaWRlc2hvdyI6IjUxNzY3NGQifQ%3D%3D\">\n\t\t\t\t\t<div class=\"e-gallery-image elementor-gallery-item__image\" data-thumbnail=\"https:\/\/pansion-palme.com\/wp-content\/uploads\/2026\/02\/app4_room.jpg\" data-width=\"1000\" data-height=\"780\" aria-label=\"\" role=\"img\" ><\/div>\n\t\t\t\t\t\t\t\t\t\t\t<div class=\"elementor-gallery-item__overlay\"><\/div>\n\t\t\t\t\t\t\t\t\t\t\t\t\t\t<\/a>\n\t\t\t\t\t\t\t<a class=\"e-gallery-item elementor-gallery-item elementor-animated-content\" href=\"https:\/\/pansion-palme.com\/wp-content\/uploads\/2026\/02\/app6_dn.jpg\" data-elementor-open-lightbox=\"yes\" data-elementor-lightbox-slideshow=\"517674d\" data-elementor-lightbox-title=\"app6_dn\" data-e-action-hash=\"#elementor-action%3Aaction%3Dlightbox%26settings%3DeyJpZCI6MzY2NSwidXJsIjoiaHR0cHM6XC9cL3BhbnNpb24tcGFsbWUuY29tXC93cC1jb250ZW50XC91cGxvYWRzXC8yMDI2XC8wMlwvYXBwNl9kbi5qcGciLCJzbGlkZXNob3ciOiI1MTc2NzRkIn0%3D\">\n\t\t\t\t\t<div class=\"e-gallery-image elementor-gallery-item__image\" data-thumbnail=\"https:\/\/pansion-palme.com\/wp-content\/uploads\/2026\/02\/app6_dn.jpg\" data-width=\"1000\" data-height=\"467\" aria-label=\"\" role=\"img\" ><\/div>\n\t\t\t\t\t\t\t\t\t\t\t<div class=\"elementor-gallery-item__overlay\"><\/div>\n\t\t\t\t\t\t\t\t\t\t\t\t\t\t<\/a>\n\t\t\t\t\t\t\t<a class=\"e-gallery-item elementor-gallery-item elementor-animated-content\" href=\"https:\/\/pansion-palme.com\/wp-content\/uploads\/2026\/02\/app6_dn1.jpg\" data-elementor-open-lightbox=\"yes\" data-elementor-lightbox-slideshow=\"517674d\" data-elementor-lightbox-title=\"app6_dn1\" data-e-action-hash=\"#elementor-action%3Aaction%3Dlightbox%26settings%3DeyJpZCI6MzY2NiwidXJsIjoiaHR0cHM6XC9cL3BhbnNpb24tcGFsbWUuY29tXC93cC1jb250ZW50XC91cGxvYWRzXC8yMDI2XC8wMlwvYXBwNl9kbjEuanBnIiwic2xpZGVzaG93IjoiNTE3Njc0ZCJ9\">\n\t\t\t\t\t<div class=\"e-gallery-image elementor-gallery-item__image\" data-thumbnail=\"https:\/\/pansion-palme.com\/wp-content\/uploads\/2026\/02\/app6_dn1.jpg\" data-width=\"1000\" data-height=\"582\" aria-label=\"\" role=\"img\" ><\/div>\n\t\t\t\t\t\t\t\t\t\t\t<div class=\"elementor-gallery-item__overlay\"><\/div>\n\t\t\t\t\t\t\t\t\t\t\t\t\t\t<\/a>\n\t\t\t\t\t\t\t<a class=\"e-gallery-item elementor-gallery-item elementor-animated-content\" href=\"https:\/\/pansion-palme.com\/wp-content\/uploads\/2026\/02\/app6_kup.jpg\" data-elementor-open-lightbox=\"yes\" data-elementor-lightbox-slideshow=\"517674d\" data-elementor-lightbox-title=\"app6_kup\" data-e-action-hash=\"#elementor-action%3Aaction%3Dlightbox%26settings%3DeyJpZCI6MzY2NywidXJsIjoiaHR0cHM6XC9cL3BhbnNpb24tcGFsbWUuY29tXC93cC1jb250ZW50XC91cGxvYWRzXC8yMDI2XC8wMlwvYXBwNl9rdXAuanBnIiwic2xpZGVzaG93IjoiNTE3Njc0ZCJ9\">\n\t\t\t\t\t<div class=\"e-gallery-image elementor-gallery-item__image\" data-thumbnail=\"https:\/\/pansion-palme.com\/wp-content\/uploads\/2026\/02\/app6_kup.jpg\" data-width=\"1000\" data-height=\"842\" aria-label=\"\" role=\"img\" ><\/div>\n\t\t\t\t\t\t\t\t\t\t\t<div class=\"elementor-gallery-item__overlay\"><\/div>\n\t\t\t\t\t\t\t\t\t\t\t\t\t\t<\/a>\n\t\t\t\t\t\t\t<a class=\"e-gallery-item elementor-gallery-item elementor-animated-content\" href=\"https:\/\/pansion-palme.com\/wp-content\/uploads\/2026\/02\/app6_sob.jpg\" data-elementor-open-lightbox=\"yes\" data-elementor-lightbox-slideshow=\"517674d\" data-elementor-lightbox-title=\"app6_sob\" data-e-action-hash=\"#elementor-action%3Aaction%3Dlightbox%26settings%3DeyJpZCI6MzY2OCwidXJsIjoiaHR0cHM6XC9cL3BhbnNpb24tcGFsbWUuY29tXC93cC1jb250ZW50XC91cGxvYWRzXC8yMDI2XC8wMlwvYXBwNl9zb2IuanBnIiwic2xpZGVzaG93IjoiNTE3Njc0ZCJ9\">\n\t\t\t\t\t<div class=\"e-gallery-image elementor-gallery-item__image\" data-thumbnail=\"https:\/\/pansion-palme.com\/wp-content\/uploads\/2026\/02\/app6_sob.jpg\" data-width=\"1000\" data-height=\"569\" aria-label=\"\" role=\"img\" ><\/div>\n\t\t\t\t\t\t\t\t\t\t\t<div class=\"elementor-gallery-item__overlay\"><\/div>\n\t\t\t\t\t\t\t\t\t\t\t\t\t\t<\/a>\n\t\t\t\t\t\t\t<a class=\"e-gallery-item elementor-gallery-item elementor-animated-content\" href=\"https:\/\/pansion-palme.com\/wp-content\/uploads\/2026\/02\/app6_sob1.jpg\" data-elementor-open-lightbox=\"yes\" data-elementor-lightbox-slideshow=\"517674d\" data-elementor-lightbox-title=\"app6_sob1\" data-e-action-hash=\"#elementor-action%3Aaction%3Dlightbox%26settings%3DeyJpZCI6MzY2OSwidXJsIjoiaHR0cHM6XC9cL3BhbnNpb24tcGFsbWUuY29tXC93cC1jb250ZW50XC91cGxvYWRzXC8yMDI2XC8wMlwvYXBwNl9zb2IxLmpwZyIsInNsaWRlc2hvdyI6IjUxNzY3NGQifQ%3D%3D\">\n\t\t\t\t\t<div class=\"e-gallery-image elementor-gallery-item__image\" data-thumbnail=\"https:\/\/pansion-palme.com\/wp-content\/uploads\/2026\/02\/app6_sob1.jpg\" data-width=\"1000\" data-height=\"730\" aria-label=\"\" role=\"img\" ><\/div>\n\t\t\t\t\t\t\t\t\t\t\t<div class=\"elementor-gallery-item__overlay\"><\/div>\n\t\t\t\t\t\t\t\t\t\t\t\t\t\t<\/a>\n\t\t\t\t\t<\/div>\n\t\t\t\t\t<\/div>\n\t\t\t\t\t<\/div>\n\t\t\t\t<\/div>\n\t\t<div class=\"elementor-element elementor-element-ba56957 e-flex e-con-boxed e-con e-parent\" data-id=\"ba56957\" data-element_type=\"container\" data-e-type=\"container\">\n\t\t\t\t\t<div class=\"e-con-inner\">\n\t\t\t\t<div class=\"elementor-element elementor-element-903ba08 animated-slow elementor-invisible elementor-widget elementor-widget-heading\" data-id=\"903ba08\" data-element_type=\"widget\" data-e-type=\"widget\" data-settings=\"{&quot;_animation&quot;:&quot;fadeIn&quot;,&quot;_animation_delay&quot;:100}\" data-widget_type=\"heading.default\">\n\t\t\t\t\t<h2 class=\"elementor-heading-title elementor-size-default\">Cjenik<\/h2>\t\t\t\t<\/div>\n\t\t\t\t<div class=\"elementor-element elementor-element-fbbdc20 elementor-widget elementor-widget-shortcode\" data-id=\"fbbdc20\" data-element_type=\"widget\" data-e-type=\"widget\" data-widget_type=\"shortcode.default\">\n\t\t\t\t\t\t\t<div class=\"elementor-shortcode\"><div id=\"footable_parent_3217\"\n         class=\"footable_parent ninja_table_wrapper loading_ninja_table wp_table_data_press_parent semantic_ui\">\n                <table data-ninja_table_instance=\"ninja_table_instance_0\" data-footable_id=\"3217\" data-filter-delay=\"1000\" aria-label=\"presidental\"            id=\"footable_3217\"\n           data-unique_identifier=\"ninja_table_unique_id_1480145639_3217\"\n           class=\"foo-table ninja_footable foo_table_3217 ninja_table_unique_id_1480145639_3217 ui table  nt_type_ajax_table selectable striped vertical_centered  footable-paging-right\">\n                <colgroup>\n                            <col class=\"ninja_column_0\">\n                            <col class=\"ninja_column_1\">\n                            <col class=\"ninja_column_2\">\n                            <col class=\"ninja_column_3\">\n                    <\/colgroup>\n            <\/table>\n    \n    \n    \n<\/div>\n<\/div>\n\t\t\t\t\t\t<\/div>\n\t\t\t\t\t<\/div>\n\t\t\t\t<\/div>\n\t\t<div class=\"elementor-element elementor-element-2ec9172 e-flex e-con-boxed e-con e-parent\" data-id=\"2ec9172\" data-element_type=\"container\" data-e-type=\"container\">\n\t\t\t\t\t<div class=\"e-con-inner\">\n\t\t\t\t<div class=\"elementor-element elementor-element-c2dc40c animated-slow elementor-invisible elementor-widget elementor-widget-heading\" data-id=\"c2dc40c\" data-element_type=\"widget\" data-e-type=\"widget\" data-settings=\"{&quot;_animation&quot;:&quot;fadeIn&quot;,&quot;_animation_delay&quot;:100}\" data-widget_type=\"heading.default\">\n\t\t\t\t\t<h2 class=\"elementor-heading-title elementor-size-default\">Lokacija<\/h2>\t\t\t\t<\/div>\n\t\t\t\t<div class=\"elementor-element elementor-element-7d760b8 elementor-widget elementor-widget-google_maps\" data-id=\"7d760b8\" data-element_type=\"widget\" data-e-type=\"widget\" data-widget_type=\"google_maps.default\">\n\t\t\t\t\t\t\t<div class=\"elementor-custom-embed\">\n\t\t\t<iframe loading=\"lazy\"\n\t\t\t\t\tsrc=\"https:\/\/maps.google.com\/maps?q=Pansion%20Palme%2C%20Donja%20Vala%2C%20Drvenik&#038;t=m&#038;z=15&#038;output=embed&#038;iwloc=near\"\n\t\t\t\t\ttitle=\"Pansion Palme, Donja Vala, Drvenik\"\n\t\t\t\t\taria-label=\"Pansion Palme, Donja Vala, Drvenik\"\n\t\t\t><\/iframe>\n\t\t<\/div>\n\t\t\t\t\t\t<\/div>\n\t\t\t\t\t<\/div>\n\t\t\t\t<\/div>\n\t\t<div class=\"elementor-element elementor-element-1e5b79e e-flex e-con-boxed e-con e-parent\" data-id=\"1e5b79e\" data-element_type=\"container\" data-e-type=\"container\" data-settings=\"{&quot;background_background&quot;:&quot;classic&quot;}\">\n\t\t\t\t\t<div class=\"e-con-inner\">\n\t\t\t\t<div class=\"elementor-element elementor-element-0337f89 animated-slow elementor-invisible elementor-widget elementor-widget-heading\" data-id=\"0337f89\" data-element_type=\"widget\" data-e-type=\"widget\" data-settings=\"{&quot;_animation&quot;:&quot;fadeIn&quot;,&quot;_animation_delay&quot;:100}\" data-widget_type=\"heading.default\">\n\t\t\t\t\t<h2 class=\"elementor-heading-title elementor-size-xl\">Spremni rezervirati svoj boravak?<\/h2>\t\t\t\t<\/div>\n\t\t\t\t<div class=\"elementor-element elementor-element-ec86953 elementor-widget elementor-widget-text-editor\" data-id=\"ec86953\" data-element_type=\"widget\" data-e-type=\"widget\" data-widget_type=\"text-editor.default\">\n\t\t\t\t\t\t\t\t\t<p>Ne propustite savr\u0161en odmor! Rezervirajte svoj apartman u Pansionu Palme ve\u0107 danas i u\u017eivajte u opu\u0161taju\u0107em odmoru uz more. Kliknite na gumb ispod kako biste provjerili dostupnost i osigurali svoje mjesto!   Kliknite ispod i kontaktirajte nas putem na\u0161e web stranice.<\/p>\t\t\t\t\t\t\t\t<\/div>\n\t\t\t\t<div class=\"elementor-element elementor-element-b34b8b9 elementor-align-center animated-slow elementor-invisible elementor-widget elementor-widget-button\" data-id=\"b34b8b9\" data-element_type=\"widget\" data-e-type=\"widget\" data-settings=\"{&quot;_animation&quot;:&quot;fadeInUp&quot;,&quot;_animation_delay&quot;:200}\" data-widget_type=\"button.default\">\n\t\t\t\t\t\t\t\t\t\t<a class=\"elementor-button elementor-button-link elementor-size-sm\" href=\"https:\/\/pansion-palme.com\/hr\/contact\/\">\n\t\t\t\t\t\t<span class=\"elementor-button-content-wrapper\">\n\t\t\t\t\t\t\t\t\t<span class=\"elementor-button-text\">Rezervirajte svoj boravak<\/span>\n\t\t\t\t\t<\/span>\n\t\t\t\t\t<\/a>\n\t\t\t\t\t\t\t\t<\/div>\n\t\t\t\t\t<\/div>\n\t\t\t\t<\/div>\n\t\t\t\t<\/div>","protected":false},"excerpt":{"rendered":"<p>About Air-conditioned two-bed apartment for 2 adults and 2 small children up to 6 years old, with a sea view and a garden view. The apartment is equipped with a double bed and an extra bed for two children up to 6 years old.The size of the apartment is 40 m2, and it consists of [&hellip;]<\/p>\n","protected":false},"author":1,"featured_media":0,"parent":296,"menu_order":0,"comment_status":"closed","ping_status":"closed","template":"","meta":{"footnotes":""},"class_list":["post-2545","page","type-page","status-publish","hentry"],"_links":{"self":[{"href":"https:\/\/pansion-palme.com\/hr\/wp-json\/wp\/v2\/pages\/2545","targetHints":{"allow":["GET"]}}],"collection":[{"href":"https:\/\/pansion-palme.com\/hr\/wp-json\/wp\/v2\/pages"}],"about":[{"href":"https:\/\/pansion-palme.com\/hr\/wp-json\/wp\/v2\/types\/page"}],"author":[{"embeddable":true,"href":"https:\/\/pansion-palme.com\/hr\/wp-json\/wp\/v2\/users\/1"}],"replies":[{"embeddable":true,"href":"https:\/\/pansion-palme.com\/hr\/wp-json\/wp\/v2\/comments?post=2545"}],"version-history":[{"count":3,"href":"https:\/\/pansion-palme.com\/hr\/wp-json\/wp\/v2\/pages\/2545\/revisions"}],"predecessor-version":[{"id":3841,"href":"https:\/\/pansion-palme.com\/hr\/wp-json\/wp\/v2\/pages\/2545\/revisions\/3841"}],"up":[{"embeddable":true,"href":"https:\/\/pansion-palme.com\/hr\/wp-json\/wp\/v2\/pages\/296"}],"wp:attachment":[{"href":"https:\/\/pansion-palme.com\/hr\/wp-json\/wp\/v2\/media?parent=2545"}],"curies":[{"name":"wp","href":"https:\/\/api.w.org\/{rel}","templated":true}]}}