{"id":2572,"date":"2023-12-03T17:21:31","date_gmt":"2023-12-03T16:21:31","guid":{"rendered":"https:\/\/pansion-palme.com\/?page_id=2572"},"modified":"2026-02-23T06:32:43","modified_gmt":"2026-02-23T05:32:43","slug":"studio-apartment","status":"publish","type":"page","link":"https:\/\/pansion-palme.com\/hr\/apartments\/studio-apartment\/","title":{"rendered":"Studio Apartman"},"content":{"rendered":"<div data-elementor-type=\"wp-page\" data-elementor-id=\"2572\" class=\"elementor elementor-2572\" data-elementor-post-type=\"page\">\n\t\t\t\t<div class=\"elementor-element elementor-element-57e7a53 e-flex e-con-boxed e-con e-parent\" data-id=\"57e7a53\" data-element_type=\"container\" data-e-type=\"container\" data-settings=\"{&quot;background_background&quot;:&quot;classic&quot;}\">\n\t\t\t\t\t<div class=\"e-con-inner\">\n\t\t\t\t<div class=\"elementor-element elementor-element-dcf2f1a elementor-widget elementor-widget-heading\" data-id=\"dcf2f1a\" data-element_type=\"widget\" data-e-type=\"widget\" data-widget_type=\"heading.default\">\n\t\t\t\t\t<h1 class=\"elementor-heading-title elementor-size-default\">Studio Apartman<\/h1>\t\t\t\t<\/div>\n\t\t\t\t\t<\/div>\n\t\t\t\t<\/div>\n\t\t<div class=\"elementor-element elementor-element-fbe5ea6 e-flex e-con-boxed e-con e-parent\" data-id=\"fbe5ea6\" data-element_type=\"container\" data-e-type=\"container\">\n\t\t\t\t\t<div class=\"e-con-inner\">\n\t\t<div class=\"elementor-element elementor-element-d5d2f8d e-con-full e-flex e-con e-child\" data-id=\"d5d2f8d\" data-element_type=\"container\" data-e-type=\"container\">\n\t\t\t\t<div class=\"elementor-element elementor-element-95a3d1a animated-slow elementor-invisible elementor-widget elementor-widget-heading\" data-id=\"95a3d1a\" data-element_type=\"widget\" data-e-type=\"widget\" data-settings=\"{&quot;_animation&quot;:&quot;fadeIn&quot;,&quot;_animation_delay&quot;:100}\" data-widget_type=\"heading.default\">\n\t\t\t\t\t<h2 class=\"elementor-heading-title elementor-size-default\">O apartmanu<\/h2>\t\t\t\t<\/div>\n\t\t\t\t<div class=\"elementor-element elementor-element-2924f46 elementor-widget elementor-widget-text-editor\" data-id=\"2924f46\" data-element_type=\"widget\" data-e-type=\"widget\" data-widget_type=\"text-editor.default\">\n\t\t\t\t\t\t\t\t\t<p>Klimatizirani studio apartman za 2 odrasle osobe s pogledom na more ili vrt. Veli\u010dina apartmana je 20 m2, a sastoji se od dvokrevetne spava\u0107e sobe s balkonom, male kuhinje u jednom dijelu spava\u0107e sobe i kupaonice s tu\u0161em. Apartman ima potpuno opremljenu kuhinju, posteljinu, deke, ru\u010dnike, su\u0161ilo za kosu. U sobi se nalazi ormar s ladicama, posteljina je pripremljena na krevetu.<\/p><p><br \/>U cijenu je uklju\u010den Wi-Fi, SAT TV, \u010di\u0161\u0107enje i parkirno mjesto.<\/p><p><br \/>Napominjemo da se usluga \u010di\u0161\u0107enja i promjena ru\u010dnika i posteljine vr\u0161i jednom tjedno.<\/p>\t\t\t\t\t\t\t\t<\/div>\n\t\t\t\t<\/div>\n\t\t<div class=\"elementor-element elementor-element-4139496 e-con-full e-flex e-con e-child\" data-id=\"4139496\" data-element_type=\"container\" data-e-type=\"container\">\n\t\t\t\t<div class=\"elementor-element elementor-element-622b88e elementor-position-left elementor-vertical-align-middle elementor-invisible elementor-widget elementor-widget-image-box\" data-id=\"622b88e\" data-element_type=\"widget\" data-e-type=\"widget\" data-settings=\"{&quot;_animation&quot;:&quot;fadeIn&quot;,&quot;_animation_delay&quot;:100}\" data-widget_type=\"image-box.default\">\n\t\t\t\t\t<div class=\"elementor-image-box-wrapper\"><figure class=\"elementor-image-box-img\"><img fetchpriority=\"high\" decoding=\"async\" width=\"512\" height=\"512\" src=\"https:\/\/pansion-palme.com\/wp-content\/uploads\/2025\/04\/house-size.png\" class=\"attachment-full size-full wp-image-3173\" alt=\"\" srcset=\"https:\/\/pansion-palme.com\/wp-content\/uploads\/2025\/04\/house-size.png 512w, https:\/\/pansion-palme.com\/wp-content\/uploads\/2025\/04\/house-size-300x300.png 300w, https:\/\/pansion-palme.com\/wp-content\/uploads\/2025\/04\/house-size-150x150.png 150w, https:\/\/pansion-palme.com\/wp-content\/uploads\/2025\/04\/house-size-12x12.png 12w\" sizes=\"(max-width: 512px) 100vw, 512px\" \/><\/figure><div class=\"elementor-image-box-content\"><p class=\"elementor-image-box-description\">20 m\u00b2<\/p><\/div><\/div>\t\t\t\t<\/div>\n\t\t\t\t<div class=\"elementor-element elementor-element-ea18d5c elementor-position-left elementor-vertical-align-middle elementor-invisible elementor-widget elementor-widget-image-box\" data-id=\"ea18d5c\" data-element_type=\"widget\" data-e-type=\"widget\" data-settings=\"{&quot;_animation&quot;:&quot;fadeIn&quot;,&quot;_animation_delay&quot;:200}\" data-widget_type=\"image-box.default\">\n\t\t\t\t\t<div class=\"elementor-image-box-wrapper\"><figure class=\"elementor-image-box-img\"><img decoding=\"async\" width=\"512\" height=\"512\" src=\"https:\/\/pansion-palme.com\/wp-content\/uploads\/2025\/04\/people-1.png\" class=\"attachment-full size-full wp-image-3161\" alt=\"\" srcset=\"https:\/\/pansion-palme.com\/wp-content\/uploads\/2025\/04\/people-1.png 512w, https:\/\/pansion-palme.com\/wp-content\/uploads\/2025\/04\/people-1-300x300.png 300w, https:\/\/pansion-palme.com\/wp-content\/uploads\/2025\/04\/people-1-150x150.png 150w, https:\/\/pansion-palme.com\/wp-content\/uploads\/2025\/04\/people-1-12x12.png 12w\" sizes=\"(max-width: 512px) 100vw, 512px\" \/><\/figure><div class=\"elementor-image-box-content\"><p class=\"elementor-image-box-description\">2 odraslih<\/p><\/div><\/div>\t\t\t\t<\/div>\n\t\t\t\t<div class=\"elementor-element elementor-element-d7ca981 elementor-position-left elementor-vertical-align-middle elementor-invisible elementor-widget elementor-widget-image-box\" data-id=\"d7ca981\" data-element_type=\"widget\" data-e-type=\"widget\" data-settings=\"{&quot;_animation&quot;:&quot;fadeIn&quot;,&quot;_animation_delay&quot;:300}\" data-widget_type=\"image-box.default\">\n\t\t\t\t\t<div class=\"elementor-image-box-wrapper\"><figure class=\"elementor-image-box-img\"><img decoding=\"async\" width=\"512\" height=\"512\" src=\"https:\/\/pansion-palme.com\/wp-content\/uploads\/2025\/04\/single-bed-1.png\" class=\"attachment-full size-full wp-image-3162\" alt=\"\" srcset=\"https:\/\/pansion-palme.com\/wp-content\/uploads\/2025\/04\/single-bed-1.png 512w, https:\/\/pansion-palme.com\/wp-content\/uploads\/2025\/04\/single-bed-1-300x300.png 300w, https:\/\/pansion-palme.com\/wp-content\/uploads\/2025\/04\/single-bed-1-150x150.png 150w, https:\/\/pansion-palme.com\/wp-content\/uploads\/2025\/04\/single-bed-1-12x12.png 12w\" sizes=\"(max-width: 512px) 100vw, 512px\" \/><\/figure><div class=\"elementor-image-box-content\"><p class=\"elementor-image-box-description\">1 bra\u010di krevet<\/p><\/div><\/div>\t\t\t\t<\/div>\n\t\t\t\t<div class=\"elementor-element elementor-element-d554daf elementor-position-left elementor-vertical-align-middle elementor-invisible elementor-widget elementor-widget-image-box\" data-id=\"d554daf\" data-element_type=\"widget\" data-e-type=\"widget\" data-settings=\"{&quot;_animation&quot;:&quot;fadeIn&quot;,&quot;_animation_delay&quot;:400}\" data-widget_type=\"image-box.default\">\n\t\t\t\t\t<div class=\"elementor-image-box-wrapper\"><figure class=\"elementor-image-box-img\"><img loading=\"lazy\" decoding=\"async\" width=\"512\" height=\"512\" src=\"https:\/\/pansion-palme.com\/wp-content\/uploads\/2025\/04\/wifi-signal.png\" class=\"attachment-full size-full wp-image-3174\" alt=\"\" srcset=\"https:\/\/pansion-palme.com\/wp-content\/uploads\/2025\/04\/wifi-signal.png 512w, https:\/\/pansion-palme.com\/wp-content\/uploads\/2025\/04\/wifi-signal-300x300.png 300w, https:\/\/pansion-palme.com\/wp-content\/uploads\/2025\/04\/wifi-signal-150x150.png 150w, https:\/\/pansion-palme.com\/wp-content\/uploads\/2025\/04\/wifi-signal-12x12.png 12w\" sizes=\"(max-width: 512px) 100vw, 512px\" \/><\/figure><div class=\"elementor-image-box-content\"><p class=\"elementor-image-box-description\">Besplatan Wi-Fi<\/p><\/div><\/div>\t\t\t\t<\/div>\n\t\t\t\t<\/div>\n\t\t\t\t\t<\/div>\n\t\t\t\t<\/div>\n\t\t<div class=\"elementor-element elementor-element-250ac61 e-flex e-con-boxed e-con e-parent\" data-id=\"250ac61\" data-element_type=\"container\" data-e-type=\"container\">\n\t\t\t\t\t<div class=\"e-con-inner\">\n\t\t\t\t<div class=\"elementor-element elementor-element-cebd237 animated-slow elementor-invisible elementor-widget elementor-widget-heading\" data-id=\"cebd237\" data-element_type=\"widget\" data-e-type=\"widget\" data-settings=\"{&quot;_animation&quot;:&quot;fadeIn&quot;,&quot;_animation_delay&quot;:100}\" data-widget_type=\"heading.default\">\n\t\t\t\t\t<h2 class=\"elementor-heading-title elementor-size-default\">Galerija<\/h2>\t\t\t\t<\/div>\n\t\t\t\t<div class=\"elementor-element elementor-element-e094df7 gallery-spacing-custom elementor-widget elementor-widget-image-gallery\" data-id=\"e094df7\" data-element_type=\"widget\" data-e-type=\"widget\" data-widget_type=\"image-gallery.default\">\n\t\t\t\t\t\t\t<div class=\"elementor-image-gallery\">\n\t\t\t<div id='gallery-1' class='gallery galleryid-2572 gallery-columns-3 gallery-size-full'><figure class='gallery-item'>\n\t\t\t<div class='gallery-icon landscape'>\n\t\t\t\t<a data-elementor-open-lightbox=\"yes\" data-elementor-lightbox-slideshow=\"e094df7\" data-elementor-lightbox-title=\"app5\" data-e-action-hash=\"#elementor-action%3Aaction%3Dlightbox%26settings%3DeyJpZCI6MzY3NywidXJsIjoiaHR0cHM6XC9cL3BhbnNpb24tcGFsbWUuY29tXC93cC1jb250ZW50XC91cGxvYWRzXC8yMDI2XC8wMlwvYXBwNS5qcGciLCJzbGlkZXNob3ciOiJlMDk0ZGY3In0%3D\" href='https:\/\/pansion-palme.com\/wp-content\/uploads\/2026\/02\/app5.jpg'><img loading=\"lazy\" decoding=\"async\" width=\"1000\" height=\"486\" src=\"https:\/\/pansion-palme.com\/wp-content\/uploads\/2026\/02\/app5.jpg\" class=\"attachment-full size-full\" alt=\"\" srcset=\"https:\/\/pansion-palme.com\/wp-content\/uploads\/2026\/02\/app5.jpg 1000w, https:\/\/pansion-palme.com\/wp-content\/uploads\/2026\/02\/app5-300x146.jpg 300w, https:\/\/pansion-palme.com\/wp-content\/uploads\/2026\/02\/app5-768x373.jpg 768w, https:\/\/pansion-palme.com\/wp-content\/uploads\/2026\/02\/app5-18x9.jpg 18w\" sizes=\"(max-width: 1000px) 100vw, 1000px\" \/><\/a>\n\t\t\t<\/div><\/figure><figure class='gallery-item'>\n\t\t\t<div class='gallery-icon landscape'>\n\t\t\t\t<a data-elementor-open-lightbox=\"yes\" data-elementor-lightbox-slideshow=\"e094df7\" data-elementor-lightbox-title=\"app5_1\" data-e-action-hash=\"#elementor-action%3Aaction%3Dlightbox%26settings%3DeyJpZCI6MzY3OCwidXJsIjoiaHR0cHM6XC9cL3BhbnNpb24tcGFsbWUuY29tXC93cC1jb250ZW50XC91cGxvYWRzXC8yMDI2XC8wMlwvYXBwNV8xLmpwZyIsInNsaWRlc2hvdyI6ImUwOTRkZjcifQ%3D%3D\" href='https:\/\/pansion-palme.com\/wp-content\/uploads\/2026\/02\/app5_1.jpg'><img loading=\"lazy\" decoding=\"async\" width=\"1000\" height=\"486\" src=\"https:\/\/pansion-palme.com\/wp-content\/uploads\/2026\/02\/app5_1.jpg\" class=\"attachment-full size-full\" alt=\"\" srcset=\"https:\/\/pansion-palme.com\/wp-content\/uploads\/2026\/02\/app5_1.jpg 1000w, https:\/\/pansion-palme.com\/wp-content\/uploads\/2026\/02\/app5_1-300x146.jpg 300w, https:\/\/pansion-palme.com\/wp-content\/uploads\/2026\/02\/app5_1-768x373.jpg 768w, https:\/\/pansion-palme.com\/wp-content\/uploads\/2026\/02\/app5_1-18x9.jpg 18w\" sizes=\"(max-width: 1000px) 100vw, 1000px\" \/><\/a>\n\t\t\t<\/div><\/figure><figure class='gallery-item'>\n\t\t\t<div class='gallery-icon landscape'>\n\t\t\t\t<a data-elementor-open-lightbox=\"yes\" data-elementor-lightbox-slideshow=\"e094df7\" data-elementor-lightbox-title=\"app5_kuh\" data-e-action-hash=\"#elementor-action%3Aaction%3Dlightbox%26settings%3DeyJpZCI6MzY3OSwidXJsIjoiaHR0cHM6XC9cL3BhbnNpb24tcGFsbWUuY29tXC93cC1jb250ZW50XC91cGxvYWRzXC8yMDI2XC8wMlwvYXBwNV9rdWguanBnIiwic2xpZGVzaG93IjoiZTA5NGRmNyJ9\" href='https:\/\/pansion-palme.com\/wp-content\/uploads\/2026\/02\/app5_kuh.jpg'><img loading=\"lazy\" decoding=\"async\" width=\"1000\" height=\"486\" src=\"https:\/\/pansion-palme.com\/wp-content\/uploads\/2026\/02\/app5_kuh.jpg\" class=\"attachment-full size-full\" alt=\"\" srcset=\"https:\/\/pansion-palme.com\/wp-content\/uploads\/2026\/02\/app5_kuh.jpg 1000w, https:\/\/pansion-palme.com\/wp-content\/uploads\/2026\/02\/app5_kuh-300x146.jpg 300w, https:\/\/pansion-palme.com\/wp-content\/uploads\/2026\/02\/app5_kuh-768x373.jpg 768w, https:\/\/pansion-palme.com\/wp-content\/uploads\/2026\/02\/app5_kuh-18x9.jpg 18w\" sizes=\"(max-width: 1000px) 100vw, 1000px\" \/><\/a>\n\t\t\t<\/div><\/figure><figure class='gallery-item'>\n\t\t\t<div class='gallery-icon landscape'>\n\t\t\t\t<a data-elementor-open-lightbox=\"yes\" data-elementor-lightbox-slideshow=\"e094df7\" data-elementor-lightbox-title=\"app5_kuhkup\" data-e-action-hash=\"#elementor-action%3Aaction%3Dlightbox%26settings%3DeyJpZCI6MzY4MCwidXJsIjoiaHR0cHM6XC9cL3BhbnNpb24tcGFsbWUuY29tXC93cC1jb250ZW50XC91cGxvYWRzXC8yMDI2XC8wMlwvYXBwNV9rdWhrdXAuanBnIiwic2xpZGVzaG93IjoiZTA5NGRmNyJ9\" href='https:\/\/pansion-palme.com\/wp-content\/uploads\/2026\/02\/app5_kuhkup.jpg'><img loading=\"lazy\" decoding=\"async\" width=\"1000\" height=\"486\" src=\"https:\/\/pansion-palme.com\/wp-content\/uploads\/2026\/02\/app5_kuhkup.jpg\" class=\"attachment-full size-full\" alt=\"\" srcset=\"https:\/\/pansion-palme.com\/wp-content\/uploads\/2026\/02\/app5_kuhkup.jpg 1000w, https:\/\/pansion-palme.com\/wp-content\/uploads\/2026\/02\/app5_kuhkup-300x146.jpg 300w, https:\/\/pansion-palme.com\/wp-content\/uploads\/2026\/02\/app5_kuhkup-768x373.jpg 768w, https:\/\/pansion-palme.com\/wp-content\/uploads\/2026\/02\/app5_kuhkup-18x9.jpg 18w\" sizes=\"(max-width: 1000px) 100vw, 1000px\" \/><\/a>\n\t\t\t<\/div><\/figure><figure class='gallery-item'>\n\t\t\t<div class='gallery-icon landscape'>\n\t\t\t\t<a data-elementor-open-lightbox=\"yes\" data-elementor-lightbox-slideshow=\"e094df7\" data-elementor-lightbox-title=\"app7_sob\" data-e-action-hash=\"#elementor-action%3Aaction%3Dlightbox%26settings%3DeyJpZCI6MzY4MiwidXJsIjoiaHR0cHM6XC9cL3BhbnNpb24tcGFsbWUuY29tXC93cC1jb250ZW50XC91cGxvYWRzXC8yMDI2XC8wMlwvYXBwN19zb2IuanBnIiwic2xpZGVzaG93IjoiZTA5NGRmNyJ9\" href='https:\/\/pansion-palme.com\/wp-content\/uploads\/2026\/02\/app7_sob.jpg'><img loading=\"lazy\" decoding=\"async\" width=\"1000\" height=\"486\" src=\"https:\/\/pansion-palme.com\/wp-content\/uploads\/2026\/02\/app7_sob.jpg\" class=\"attachment-full size-full\" alt=\"\" srcset=\"https:\/\/pansion-palme.com\/wp-content\/uploads\/2026\/02\/app7_sob.jpg 1000w, https:\/\/pansion-palme.com\/wp-content\/uploads\/2026\/02\/app7_sob-300x146.jpg 300w, https:\/\/pansion-palme.com\/wp-content\/uploads\/2026\/02\/app7_sob-768x373.jpg 768w, https:\/\/pansion-palme.com\/wp-content\/uploads\/2026\/02\/app7_sob-18x9.jpg 18w\" sizes=\"(max-width: 1000px) 100vw, 1000px\" \/><\/a>\n\t\t\t<\/div><\/figure><figure class='gallery-item'>\n\t\t\t<div class='gallery-icon landscape'>\n\t\t\t\t<a data-elementor-open-lightbox=\"yes\" data-elementor-lightbox-slideshow=\"e094df7\" data-elementor-lightbox-title=\"app7_sob1\" data-e-action-hash=\"#elementor-action%3Aaction%3Dlightbox%26settings%3DeyJpZCI6MzY4MywidXJsIjoiaHR0cHM6XC9cL3BhbnNpb24tcGFsbWUuY29tXC93cC1jb250ZW50XC91cGxvYWRzXC8yMDI2XC8wMlwvYXBwN19zb2IxLmpwZyIsInNsaWRlc2hvdyI6ImUwOTRkZjcifQ%3D%3D\" href='https:\/\/pansion-palme.com\/wp-content\/uploads\/2026\/02\/app7_sob1.jpg'><img loading=\"lazy\" decoding=\"async\" width=\"1000\" height=\"486\" src=\"https:\/\/pansion-palme.com\/wp-content\/uploads\/2026\/02\/app7_sob1.jpg\" class=\"attachment-full size-full\" alt=\"\" srcset=\"https:\/\/pansion-palme.com\/wp-content\/uploads\/2026\/02\/app7_sob1.jpg 1000w, https:\/\/pansion-palme.com\/wp-content\/uploads\/2026\/02\/app7_sob1-300x146.jpg 300w, https:\/\/pansion-palme.com\/wp-content\/uploads\/2026\/02\/app7_sob1-768x373.jpg 768w, https:\/\/pansion-palme.com\/wp-content\/uploads\/2026\/02\/app7_sob1-18x9.jpg 18w\" sizes=\"(max-width: 1000px) 100vw, 1000px\" \/><\/a>\n\t\t\t<\/div><\/figure>\n\t\t<\/div>\n\t\t<\/div>\n\t\t\t\t\t\t<\/div>\n\t\t\t\t\t<\/div>\n\t\t\t\t<\/div>\n\t\t<div class=\"elementor-element elementor-element-aef07b3 e-flex e-con-boxed e-con e-parent\" data-id=\"aef07b3\" data-element_type=\"container\" data-e-type=\"container\">\n\t\t\t\t\t<div class=\"e-con-inner\">\n\t\t\t\t<div class=\"elementor-element elementor-element-0847c07 animated-slow elementor-invisible elementor-widget elementor-widget-heading\" data-id=\"0847c07\" data-element_type=\"widget\" data-e-type=\"widget\" data-settings=\"{&quot;_animation&quot;:&quot;fadeIn&quot;,&quot;_animation_delay&quot;:100}\" data-widget_type=\"heading.default\">\n\t\t\t\t\t<h2 class=\"elementor-heading-title elementor-size-default\">Cjenik<\/h2>\t\t\t\t<\/div>\n\t\t\t\t<div class=\"elementor-element elementor-element-ee027ae elementor-widget elementor-widget-shortcode\" data-id=\"ee027ae\" data-element_type=\"widget\" data-e-type=\"widget\" data-widget_type=\"shortcode.default\">\n\t\t\t\t\t\t\t<div class=\"elementor-shortcode\"><div id=\"footable_parent_3218\"\n         class=\"footable_parent ninja_table_wrapper loading_ninja_table wp_table_data_press_parent semantic_ui\">\n                <table data-ninja_table_instance=\"ninja_table_instance_0\" data-footable_id=\"3218\" data-filter-delay=\"1000\" aria-label=\"studio\"            id=\"footable_3218\"\n           data-unique_identifier=\"ninja_table_unique_id_3732660153_3218\"\n           class=\"foo-table ninja_footable foo_table_3218 ninja_table_unique_id_3732660153_3218 ui table  nt_type_ajax_table selectable striped vertical_centered  footable-paging-right\">\n                <colgroup>\n                            <col class=\"ninja_column_0\">\n                            <col class=\"ninja_column_1\">\n                            <col class=\"ninja_column_2\">\n                            <col class=\"ninja_column_3\">\n                    <\/colgroup>\n            <\/table>\n    \n    \n    \n<\/div>\n<\/div>\n\t\t\t\t\t\t<\/div>\n\t\t\t\t\t<\/div>\n\t\t\t\t<\/div>\n\t\t<div class=\"elementor-element elementor-element-2cbe8ec e-flex e-con-boxed e-con e-parent\" data-id=\"2cbe8ec\" data-element_type=\"container\" data-e-type=\"container\">\n\t\t\t\t\t<div class=\"e-con-inner\">\n\t\t\t\t<div class=\"elementor-element elementor-element-f8b8182 animated-slow elementor-invisible elementor-widget elementor-widget-heading\" data-id=\"f8b8182\" data-element_type=\"widget\" data-e-type=\"widget\" data-settings=\"{&quot;_animation&quot;:&quot;fadeIn&quot;,&quot;_animation_delay&quot;:100}\" data-widget_type=\"heading.default\">\n\t\t\t\t\t<h2 class=\"elementor-heading-title elementor-size-default\">Lokacija<\/h2>\t\t\t\t<\/div>\n\t\t\t\t<div class=\"elementor-element elementor-element-65c338e elementor-widget elementor-widget-google_maps\" data-id=\"65c338e\" data-element_type=\"widget\" data-e-type=\"widget\" data-widget_type=\"google_maps.default\">\n\t\t\t\t\t\t\t<div class=\"elementor-custom-embed\">\n\t\t\t<iframe loading=\"lazy\"\n\t\t\t\t\tsrc=\"https:\/\/maps.google.com\/maps?q=Pansion%20Palme%2C%20Donja%20Vala%2C%20Drvenik&#038;t=m&#038;z=15&#038;output=embed&#038;iwloc=near\"\n\t\t\t\t\ttitle=\"Pansion Palme, Donja Vala, Drvenik\"\n\t\t\t\t\taria-label=\"Pansion Palme, Donja Vala, Drvenik\"\n\t\t\t><\/iframe>\n\t\t<\/div>\n\t\t\t\t\t\t<\/div>\n\t\t\t\t\t<\/div>\n\t\t\t\t<\/div>\n\t\t<div class=\"elementor-element elementor-element-a8f704a e-flex e-con-boxed e-con e-parent\" data-id=\"a8f704a\" data-element_type=\"container\" data-e-type=\"container\" data-settings=\"{&quot;background_background&quot;:&quot;classic&quot;}\">\n\t\t\t\t\t<div class=\"e-con-inner\">\n\t\t\t\t<div class=\"elementor-element elementor-element-bda7e05 animated-slow elementor-invisible elementor-widget elementor-widget-heading\" data-id=\"bda7e05\" data-element_type=\"widget\" data-e-type=\"widget\" data-settings=\"{&quot;_animation&quot;:&quot;fadeIn&quot;,&quot;_animation_delay&quot;:100}\" data-widget_type=\"heading.default\">\n\t\t\t\t\t<h2 class=\"elementor-heading-title elementor-size-xl\">Spremni rezervirati svoj boravak?<\/h2>\t\t\t\t<\/div>\n\t\t\t\t<div class=\"elementor-element elementor-element-ea6f0ba elementor-widget elementor-widget-text-editor\" data-id=\"ea6f0ba\" data-element_type=\"widget\" data-e-type=\"widget\" data-widget_type=\"text-editor.default\">\n\t\t\t\t\t\t\t\t\t<p>Ne propustite savr\u0161en odmor! Rezervirajte svoj apartman u Pansionu Palme ve\u0107 danas i u\u017eivajte u opu\u0161taju\u0107em odmoru uz more. Kliknite na gumb ispod kako biste provjerili dostupnost i osigurali svoje mjesto!   Kliknite ispod i kontaktirajte nas putem na\u0161e web stranice.<\/p>\t\t\t\t\t\t\t\t<\/div>\n\t\t\t\t<div class=\"elementor-element elementor-element-562166c elementor-align-center animated-slow elementor-invisible elementor-widget elementor-widget-button\" data-id=\"562166c\" data-element_type=\"widget\" data-e-type=\"widget\" data-settings=\"{&quot;_animation&quot;:&quot;fadeInUp&quot;,&quot;_animation_delay&quot;:200}\" data-widget_type=\"button.default\">\n\t\t\t\t\t\t\t\t\t\t<a class=\"elementor-button elementor-button-link elementor-size-sm\" href=\"https:\/\/pansion-palme.com\/hr\/contact\/\">\n\t\t\t\t\t\t<span class=\"elementor-button-content-wrapper\">\n\t\t\t\t\t\t\t\t\t<span class=\"elementor-button-text\">Rezervirajte svoj boravak<\/span>\n\t\t\t\t\t<\/span>\n\t\t\t\t\t<\/a>\n\t\t\t\t\t\t\t\t<\/div>\n\t\t\t\t\t<\/div>\n\t\t\t\t<\/div>\n\t\t\t\t<\/div>","protected":false},"excerpt":{"rendered":"<p>About Air-conditioned studio apartment for 2 adults with a sea view or garden view. The size of the apartment is 20 m2, and it consists of a duble bedroom with a balcony, a small kitchen in one part of the bedroom and a bathroom with a shower. The apartment has a fully equipped kitchen, bed [&hellip;]<\/p>\n","protected":false},"author":1,"featured_media":0,"parent":296,"menu_order":0,"comment_status":"closed","ping_status":"closed","template":"","meta":{"footnotes":""},"class_list":["post-2572","page","type-page","status-publish","hentry"],"_links":{"self":[{"href":"https:\/\/pansion-palme.com\/hr\/wp-json\/wp\/v2\/pages\/2572","targetHints":{"allow":["GET"]}}],"collection":[{"href":"https:\/\/pansion-palme.com\/hr\/wp-json\/wp\/v2\/pages"}],"about":[{"href":"https:\/\/pansion-palme.com\/hr\/wp-json\/wp\/v2\/types\/page"}],"author":[{"embeddable":true,"href":"https:\/\/pansion-palme.com\/hr\/wp-json\/wp\/v2\/users\/1"}],"replies":[{"embeddable":true,"href":"https:\/\/pansion-palme.com\/hr\/wp-json\/wp\/v2\/comments?post=2572"}],"version-history":[{"count":3,"href":"https:\/\/pansion-palme.com\/hr\/wp-json\/wp\/v2\/pages\/2572\/revisions"}],"predecessor-version":[{"id":3844,"href":"https:\/\/pansion-palme.com\/hr\/wp-json\/wp\/v2\/pages\/2572\/revisions\/3844"}],"up":[{"embeddable":true,"href":"https:\/\/pansion-palme.com\/hr\/wp-json\/wp\/v2\/pages\/296"}],"wp:attachment":[{"href":"https:\/\/pansion-palme.com\/hr\/wp-json\/wp\/v2\/media?parent=2572"}],"curies":[{"name":"wp","href":"https:\/\/api.w.org\/{rel}","templated":true}]}}