{"id":31,"date":"2020-04-13T11:18:52","date_gmt":"2020-04-13T11:18:52","guid":{"rendered":"https:\/\/pansion-palme.com\/about\/"},"modified":"2026-02-23T06:33:15","modified_gmt":"2026-02-23T05:33:15","slug":"our-services","status":"publish","type":"page","link":"https:\/\/pansion-palme.com\/hr\/our-services\/","title":{"rendered":"Na\u0161e Usluge"},"content":{"rendered":"<div data-elementor-type=\"wp-page\" data-elementor-id=\"31\" class=\"elementor elementor-31\" data-elementor-post-type=\"page\">\n\t\t\t\t<div class=\"elementor-element elementor-element-344a333 e-flex e-con-boxed e-con e-parent\" data-id=\"344a333\" data-element_type=\"container\" data-e-type=\"container\" data-settings=\"{&quot;background_background&quot;:&quot;classic&quot;}\">\n\t\t\t\t\t<div class=\"e-con-inner\">\n\t\t\t\t<div class=\"elementor-element elementor-element-b3b42c3 elementor-widget elementor-widget-heading\" data-id=\"b3b42c3\" data-element_type=\"widget\" data-e-type=\"widget\" data-widget_type=\"heading.default\">\n\t\t\t\t\t<h1 class=\"elementor-heading-title elementor-size-default\">Na\u0161e Usluge<\/h1>\t\t\t\t<\/div>\n\t\t\t\t<div class=\"elementor-element elementor-element-0c17c9c elementor-widget__width-initial animated-slow elementor-invisible elementor-widget elementor-widget-text-editor\" data-id=\"0c17c9c\" data-element_type=\"widget\" data-e-type=\"widget\" data-settings=\"{&quot;_animation&quot;:&quot;fadeIn&quot;,&quot;_animation_delay&quot;:400}\" data-widget_type=\"text-editor.default\">\n\t\t\t\t\t\t\t\t\t<p>Generacijama se trudimo i uspijevamo pru\u017eiti najbolju, najugodniju i najluksuzniju uslugu koju mo\u017eemo ponuditi.<\/p>\t\t\t\t\t\t\t\t<\/div>\n\t\t\t\t\t<\/div>\n\t\t\t\t<\/div>\n\t\t<div class=\"elementor-element elementor-element-b2a3a2e animated-slow e-flex e-con-boxed elementor-invisible e-con e-parent\" data-id=\"b2a3a2e\" data-element_type=\"container\" data-e-type=\"container\" data-settings=\"{&quot;animation&quot;:&quot;fadeIn&quot;}\">\n\t\t\t\t\t<div class=\"e-con-inner\">\n\t\t<div class=\"elementor-element elementor-element-3c213d2 e-con-full e-flex e-con e-child\" data-id=\"3c213d2\" data-element_type=\"container\" data-e-type=\"container\">\n\t\t\t\t<div class=\"elementor-element elementor-element-1e9b761 elementor-widget elementor-widget-heading\" data-id=\"1e9b761\" data-element_type=\"widget\" data-e-type=\"widget\" data-widget_type=\"heading.default\">\n\t\t\t\t\t<h2 class=\"elementor-heading-title elementor-size-default\">Buffet, Bar i Restoran<\/h2>\t\t\t\t<\/div>\n\t\t\t\t<div class=\"elementor-element elementor-element-0a4558e elementor-widget elementor-widget-text-editor\" data-id=\"0a4558e\" data-element_type=\"widget\" data-e-type=\"widget\" data-widget_type=\"text-editor.default\">\n\t\t\t\t\t\t\t\t\t<p>Uz na\u0161e premium apartmane nudimo i \u0161vedski stol s doru\u010dkom i ve\u010derom. Za odabir \u0161vedskog stola navedite u rezervaciji ili nas kontaktirajte.<\/p><p>Osim \u0161vedskog stola, tu su i bar i restoran gdje mo\u017eete jesti i piti tradicionalna jela i pi\u0107a. U sklopu restorana nudimo mogu\u0107nost prethodne rezervacije te\u0161ko dostupnih i rijetkih tradicionalnih jela.<\/p>\t\t\t\t\t\t\t\t<\/div>\n\t\t\t\t<\/div>\n\t\t<div class=\"elementor-element elementor-element-b5db10d e-con-full e-flex e-con e-child\" data-id=\"b5db10d\" data-element_type=\"container\" data-e-type=\"container\">\n\t\t\t\t<div class=\"elementor-element elementor-element-266d0ee animated-slow elementor-invisible elementor-widget elementor-widget-image\" data-id=\"266d0ee\" data-element_type=\"widget\" data-e-type=\"widget\" data-settings=\"{&quot;_animation&quot;:&quot;fadeIn&quot;,&quot;_animation_delay&quot;:100}\" data-widget_type=\"image.default\">\n\t\t\t\t\t\t\t\t\t\t\t\t\t\t\t<img fetchpriority=\"high\" decoding=\"async\" width=\"700\" height=\"357\" src=\"https:\/\/pansion-palme.com\/wp-content\/uploads\/2025\/04\/buffet2.jpg\" class=\"attachment-large size-large wp-image-3111\" alt=\"\" srcset=\"https:\/\/pansion-palme.com\/wp-content\/uploads\/2025\/04\/buffet2.jpg 700w, https:\/\/pansion-palme.com\/wp-content\/uploads\/2025\/04\/buffet2-300x153.jpg 300w, https:\/\/pansion-palme.com\/wp-content\/uploads\/2025\/04\/buffet2-18x9.jpg 18w\" sizes=\"(max-width: 700px) 100vw, 700px\" \/>\t\t\t\t\t\t\t\t\t\t\t\t\t\t\t<\/div>\n\t\t\t\t<\/div>\n\t\t\t\t\t<\/div>\n\t\t\t\t<\/div>\n\t\t<div class=\"elementor-element elementor-element-be66bc4 e-flex e-con-boxed e-con e-parent\" data-id=\"be66bc4\" data-element_type=\"container\" data-e-type=\"container\" data-settings=\"{&quot;background_background&quot;:&quot;classic&quot;}\">\n\t\t\t\t\t<div class=\"e-con-inner\">\n\t\t<div class=\"elementor-element elementor-element-a7ee8d5 e-con-full e-flex e-con e-child\" data-id=\"a7ee8d5\" data-element_type=\"container\" data-e-type=\"container\">\n\t\t\t\t<div class=\"elementor-element elementor-element-c7a804f animated-slow elementor-invisible elementor-widget elementor-widget-image\" data-id=\"c7a804f\" data-element_type=\"widget\" data-e-type=\"widget\" data-settings=\"{&quot;_animation&quot;:&quot;fadeIn&quot;,&quot;_animation_delay&quot;:100}\" data-widget_type=\"image.default\">\n\t\t\t\t\t\t\t\t\t\t\t\t\t\t\t<img decoding=\"async\" src=\"https:\/\/pansion-palme.com\/wp-content\/uploads\/elementor\/thumbs\/ride-r4ekbtza5d99rij66t76nljhwzox2nubzd6pgak83k.jpg\" title=\"ride.jpg\" alt=\"ride.jpg\" loading=\"lazy\" \/>\t\t\t\t\t\t\t\t\t\t\t\t\t\t\t<\/div>\n\t\t\t\t<\/div>\n\t\t<div class=\"elementor-element elementor-element-4c53071 e-con-full e-flex e-con e-child\" data-id=\"4c53071\" data-element_type=\"container\" data-e-type=\"container\">\n\t\t\t\t<div class=\"elementor-element elementor-element-0356e9a elementor-widget elementor-widget-heading\" data-id=\"0356e9a\" data-element_type=\"widget\" data-e-type=\"widget\" data-widget_type=\"heading.default\">\n\t\t\t\t\t<h2 class=\"elementor-heading-title elementor-size-default\">Luksuzni Prijevoz<\/h2>\t\t\t\t<\/div>\n\t\t\t\t<div class=\"elementor-element elementor-element-29d04b2 elementor-widget elementor-widget-text-editor\" data-id=\"29d04b2\" data-element_type=\"widget\" data-e-type=\"widget\" data-widget_type=\"text-editor.default\">\n\t\t\t\t\t\t\t\t\t<p>Nudimo premium usluge prijevoza kako bismo osigurali glatko i udobno putovanje. Na\u0161i profesionalni voza\u010di pru\u017eaju jednostavne transfere s zra\u010dnih luka, trajektnih terminala, autobusnih i \u017eeljezni\u010dkih stanica. Putujte u stilu i zapo\u010dnite svoj boravak s nama bez stresa. Rezervirajte svoj prijevoz ve\u0107 danas!<\/p>\t\t\t\t\t\t\t\t<\/div>\n\t\t\t\t<\/div>\n\t\t\t\t\t<\/div>\n\t\t\t\t<\/div>\n\t\t<div class=\"elementor-element elementor-element-b500c25 e-flex e-con-boxed e-con e-parent\" data-id=\"b500c25\" data-element_type=\"container\" data-e-type=\"container\" data-settings=\"{&quot;background_background&quot;:&quot;classic&quot;}\">\n\t\t\t\t\t<div class=\"e-con-inner\">\n\t\t\t\t<div class=\"elementor-element elementor-element-46af5ba elementor-invisible elementor-widget elementor-widget-heading\" data-id=\"46af5ba\" data-element_type=\"widget\" data-e-type=\"widget\" data-settings=\"{&quot;_animation&quot;:&quot;fadeIn&quot;,&quot;_animation_delay&quot;:100}\" data-widget_type=\"heading.default\">\n\t\t\t\t\t<h2 class=\"elementor-heading-title elementor-size-xl\">Spremni rezervirati svoj boravak?<\/h2>\t\t\t\t<\/div>\n\t\t\t\t<div class=\"elementor-element elementor-element-b74de97 elementor-widget elementor-widget-text-editor\" data-id=\"b74de97\" data-element_type=\"widget\" data-e-type=\"widget\" data-widget_type=\"text-editor.default\">\n\t\t\t\t\t\t\t\t\t<p>Ne propustite savr\u0161en odmor! Rezervirajte svoj apartman u Pansionu Palme ve\u0107 danas i u\u017eivajte u opu\u0161taju\u0107em odmoru uz more. Kliknite na gumb ispod kako biste provjerili dostupnost i osigurali svoje mjesto!   Kliknite ispod i kontaktirajte nas putem na\u0161e web stranice.<\/p>\t\t\t\t\t\t\t\t<\/div>\n\t\t\t\t<div class=\"elementor-element elementor-element-23c06bc elementor-align-center elementor-invisible elementor-widget elementor-widget-button\" data-id=\"23c06bc\" data-element_type=\"widget\" data-e-type=\"widget\" data-settings=\"{&quot;_animation&quot;:&quot;fadeInUp&quot;,&quot;_animation_delay&quot;:100}\" data-widget_type=\"button.default\">\n\t\t\t\t\t\t\t\t\t\t<a class=\"elementor-button elementor-button-link elementor-size-sm\" href=\"https:\/\/pansion-palme.com\/hr\/contact\/\">\n\t\t\t\t\t\t<span class=\"elementor-button-content-wrapper\">\n\t\t\t\t\t\t\t\t\t<span class=\"elementor-button-text\">Rezervirajte svoj boravak<\/span>\n\t\t\t\t\t<\/span>\n\t\t\t\t\t<\/a>\n\t\t\t\t\t\t\t\t<\/div>\n\t\t\t\t\t<\/div>\n\t\t\t\t<\/div>\n\t\t\t\t<\/div>","protected":false},"excerpt":{"rendered":"<p>For generations, we have been trying and succeeding in giving you the best, most pleasant and most luxurious service that we can offer. Buffet, Bar And Restaurant In addition to our premium apartments, we also offer a buffet with breakfast and dinner. To choose the Buffet, please specify in the reservation or contact us. In [&hellip;]<\/p>\n","protected":false},"author":1,"featured_media":0,"parent":0,"menu_order":0,"comment_status":"closed","ping_status":"closed","template":"","meta":{"footnotes":""},"class_list":["post-31","page","type-page","status-publish","hentry"],"_links":{"self":[{"href":"https:\/\/pansion-palme.com\/hr\/wp-json\/wp\/v2\/pages\/31","targetHints":{"allow":["GET"]}}],"collection":[{"href":"https:\/\/pansion-palme.com\/hr\/wp-json\/wp\/v2\/pages"}],"about":[{"href":"https:\/\/pansion-palme.com\/hr\/wp-json\/wp\/v2\/types\/page"}],"author":[{"embeddable":true,"href":"https:\/\/pansion-palme.com\/hr\/wp-json\/wp\/v2\/users\/1"}],"replies":[{"embeddable":true,"href":"https:\/\/pansion-palme.com\/hr\/wp-json\/wp\/v2\/comments?post=31"}],"version-history":[{"count":3,"href":"https:\/\/pansion-palme.com\/hr\/wp-json\/wp\/v2\/pages\/31\/revisions"}],"predecessor-version":[{"id":3847,"href":"https:\/\/pansion-palme.com\/hr\/wp-json\/wp\/v2\/pages\/31\/revisions\/3847"}],"wp:attachment":[{"href":"https:\/\/pansion-palme.com\/hr\/wp-json\/wp\/v2\/media?parent=31"}],"curies":[{"name":"wp","href":"https:\/\/api.w.org\/{rel}","templated":true}]}}