{"id":493,"date":"2020-04-13T11:18:50","date_gmt":"2020-04-13T11:18:50","guid":{"rendered":"https:\/\/pansion-palme.com\/services\/"},"modified":"2025-04-15T22:25:18","modified_gmt":"2025-04-15T21:25:18","slug":"attractions-and-activities","status":"publish","type":"page","link":"https:\/\/pansion-palme.com\/hr\/attractions-and-activities\/","title":{"rendered":"Atrakcije i Aktivnosti"},"content":{"rendered":"<div data-elementor-type=\"wp-page\" data-elementor-id=\"493\" class=\"elementor elementor-493\" data-elementor-post-type=\"page\">\n\t\t\t\t<div class=\"elementor-element elementor-element-09e324f e-flex e-con-boxed e-con e-parent\" data-id=\"09e324f\" data-element_type=\"container\" data-e-type=\"container\" data-settings=\"{&quot;background_background&quot;:&quot;classic&quot;}\">\n\t\t\t\t\t<div class=\"e-con-inner\">\n\t\t\t\t<div class=\"elementor-element elementor-element-268cf7e animated-slow elementor-invisible elementor-widget elementor-widget-heading\" data-id=\"268cf7e\" data-element_type=\"widget\" data-e-type=\"widget\" data-settings=\"{&quot;_animation&quot;:&quot;fadeIn&quot;,&quot;_animation_delay&quot;:100}\" data-widget_type=\"heading.default\">\n\t\t\t\t\t<h1 class=\"elementor-heading-title elementor-size-default\">Atrakcije I Aktivnosti U Okolici<\/h1>\t\t\t\t<\/div>\n\t\t\t\t<div class=\"elementor-element elementor-element-9cefe37 elementor-widget elementor-widget-text-editor\" data-id=\"9cefe37\" data-element_type=\"widget\" data-e-type=\"widget\" data-widget_type=\"text-editor.default\">\n\t\t\t\t\t\t\t\t\t<div class=\"elementor-element elementor-element-0f873f2 elementor-widget elementor-widget-text-editor\" data-id=\"0f873f2\" data-element_type=\"widget\" data-widget_type=\"text-editor.default\"><div class=\"elementor-widget-container\"><p>Od na\u0161ih apartmana do prekrasne pla\u017ee i mora, postoji bogat niz aktivnosti i atrakcija u Drveniku i okolici.<\/p><\/div><\/div>\t\t\t\t\t\t\t\t<\/div>\n\t\t\t\t\t<\/div>\n\t\t\t\t<\/div>\n\t\t<div class=\"elementor-element elementor-element-e1fced3 e-flex e-con-boxed e-con e-parent\" data-id=\"e1fced3\" data-element_type=\"container\" data-e-type=\"container\">\n\t\t\t\t\t<div class=\"e-con-inner\">\n\t\t<div class=\"elementor-element elementor-element-158696e e-con-full e-flex e-con e-child\" data-id=\"158696e\" data-element_type=\"container\" data-e-type=\"container\">\n\t\t\t\t<div class=\"elementor-element elementor-element-99630e3 elementor-widget elementor-widget-image\" data-id=\"99630e3\" data-element_type=\"widget\" data-e-type=\"widget\" data-widget_type=\"image.default\">\n\t\t\t\t\t\t\t\t\t\t\t\t\t\t\t<img fetchpriority=\"high\" decoding=\"async\" width=\"800\" height=\"534\" src=\"https:\/\/pansion-palme.com\/wp-content\/uploads\/2025\/04\/phpThumb_generated_thumbnail-3-1024x683.jpg\" class=\"attachment-large size-large wp-image-3063\" alt=\"\" srcset=\"https:\/\/pansion-palme.com\/wp-content\/uploads\/2025\/04\/phpThumb_generated_thumbnail-3-1024x683.jpg 1024w, https:\/\/pansion-palme.com\/wp-content\/uploads\/2025\/04\/phpThumb_generated_thumbnail-3-300x200.jpg 300w, https:\/\/pansion-palme.com\/wp-content\/uploads\/2025\/04\/phpThumb_generated_thumbnail-3-768x512.jpg 768w, https:\/\/pansion-palme.com\/wp-content\/uploads\/2025\/04\/phpThumb_generated_thumbnail-3-1536x1024.jpg 1536w, https:\/\/pansion-palme.com\/wp-content\/uploads\/2025\/04\/phpThumb_generated_thumbnail-3-18x12.jpg 18w, https:\/\/pansion-palme.com\/wp-content\/uploads\/2025\/04\/phpThumb_generated_thumbnail-3.jpg 1620w\" sizes=\"(max-width: 800px) 100vw, 800px\" \/>\t\t\t\t\t\t\t\t\t\t\t\t\t\t\t<\/div>\n\t\t\t\t<\/div>\n\t\t<div class=\"elementor-element elementor-element-3cbeda9 e-con-full e-flex e-con e-child\" data-id=\"3cbeda9\" data-element_type=\"container\" data-e-type=\"container\">\n\t\t\t\t<div class=\"elementor-element elementor-element-bb8c823 animated-slow elementor-invisible elementor-widget elementor-widget-heading\" data-id=\"bb8c823\" data-element_type=\"widget\" data-e-type=\"widget\" data-settings=\"{&quot;_animation&quot;:&quot;fadeIn&quot;,&quot;_animation_delay&quot;:100}\" data-widget_type=\"heading.default\">\n\t\t\t\t\t<h2 class=\"elementor-heading-title elementor-size-large\">Aktivnosti <\/h2>\t\t\t\t<\/div>\n\t\t\t\t<div class=\"elementor-element elementor-element-4972fa7 elementor-widget elementor-widget-text-editor\" data-id=\"4972fa7\" data-element_type=\"widget\" data-e-type=\"widget\" data-widget_type=\"text-editor.default\">\n\t\t\t\t\t\t\t\t\t<p>U okolici Drvenika postoje razne aktivnosti za aktivne ljude i obitelji. Po\u010dev\u0161i od mora, pla\u017ea i svih raznih aktivnosti na moru, do planinarenja, raftinga, biciklizma, tr\u010danja\u2026<\/p>\t\t\t\t\t\t\t\t<\/div>\n\t\t\t\t<div class=\"elementor-element elementor-element-ef1b7db elementor-mobile-align-center animated-slow elementor-align-center elementor-invisible elementor-widget elementor-widget-button\" data-id=\"ef1b7db\" data-element_type=\"widget\" data-e-type=\"widget\" data-settings=\"{&quot;_animation&quot;:&quot;fadeIn&quot;,&quot;_animation_delay&quot;:100}\" data-widget_type=\"button.default\">\n\t\t\t\t\t\t\t\t\t\t<a class=\"elementor-button elementor-button-link elementor-size-sm\" href=\"https:\/\/pansion-palme.com\/hr\/activities\/\">\n\t\t\t\t\t\t<span class=\"elementor-button-content-wrapper\">\n\t\t\t\t\t\t\t\t\t<span class=\"elementor-button-text\">Istra\u017eite aktivnosti<\/span>\n\t\t\t\t\t<\/span>\n\t\t\t\t\t<\/a>\n\t\t\t\t\t\t\t\t<\/div>\n\t\t\t\t<\/div>\n\t\t<div class=\"elementor-element elementor-element-6b74c20 e-con-full e-flex e-con e-child\" data-id=\"6b74c20\" data-element_type=\"container\" data-e-type=\"container\">\n\t\t\t\t<div class=\"elementor-element elementor-element-9b2732e elementor-widget elementor-widget-image\" data-id=\"9b2732e\" data-element_type=\"widget\" data-e-type=\"widget\" data-widget_type=\"image.default\">\n\t\t\t\t\t\t\t\t\t\t\t\t\t\t\t<img decoding=\"async\" width=\"800\" height=\"534\" src=\"https:\/\/pansion-palme.com\/wp-content\/uploads\/2025\/04\/cetina_kanjon43-100814-scaled-1-1024x683.jpg\" class=\"attachment-large size-large wp-image-3064\" alt=\"\" srcset=\"https:\/\/pansion-palme.com\/wp-content\/uploads\/2025\/04\/cetina_kanjon43-100814-scaled-1-1024x683.jpg 1024w, https:\/\/pansion-palme.com\/wp-content\/uploads\/2025\/04\/cetina_kanjon43-100814-scaled-1-300x200.jpg 300w, https:\/\/pansion-palme.com\/wp-content\/uploads\/2025\/04\/cetina_kanjon43-100814-scaled-1-768x512.jpg 768w, https:\/\/pansion-palme.com\/wp-content\/uploads\/2025\/04\/cetina_kanjon43-100814-scaled-1-1536x1024.jpg 1536w, https:\/\/pansion-palme.com\/wp-content\/uploads\/2025\/04\/cetina_kanjon43-100814-scaled-1-18x12.jpg 18w, https:\/\/pansion-palme.com\/wp-content\/uploads\/2025\/04\/cetina_kanjon43-100814-scaled-1.jpg 1921w\" sizes=\"(max-width: 800px) 100vw, 800px\" \/>\t\t\t\t\t\t\t\t\t\t\t\t\t\t\t<\/div>\n\t\t\t\t<\/div>\n\t\t\t\t\t<\/div>\n\t\t\t\t<\/div>\n\t\t<div class=\"elementor-element elementor-element-ff2b6f3 e-flex e-con-boxed e-con e-parent\" data-id=\"ff2b6f3\" data-element_type=\"container\" data-e-type=\"container\" data-settings=\"{&quot;background_background&quot;:&quot;classic&quot;}\">\n\t\t\t\t\t<div class=\"e-con-inner\">\n\t\t<div class=\"elementor-element elementor-element-7c03580 e-con-full e-flex e-con e-child\" data-id=\"7c03580\" data-element_type=\"container\" data-e-type=\"container\">\n\t\t\t\t<div class=\"elementor-element elementor-element-da5a250 elementor-widget elementor-widget-image\" data-id=\"da5a250\" data-element_type=\"widget\" data-e-type=\"widget\" data-widget_type=\"image.default\">\n\t\t\t\t\t\t\t\t\t\t\t\t\t\t\t<img decoding=\"async\" width=\"768\" height=\"768\" src=\"https:\/\/pansion-palme.com\/wp-content\/uploads\/2025\/04\/Cover-Omis-Croatia-min-768x768.jpg\" class=\"attachment-medium_large size-medium_large wp-image-3065\" alt=\"\" srcset=\"https:\/\/pansion-palme.com\/wp-content\/uploads\/2025\/04\/Cover-Omis-Croatia-min-768x768.jpg 768w, https:\/\/pansion-palme.com\/wp-content\/uploads\/2025\/04\/Cover-Omis-Croatia-min-300x300.jpg 300w, https:\/\/pansion-palme.com\/wp-content\/uploads\/2025\/04\/Cover-Omis-Croatia-min-1024x1024.jpg 1024w, https:\/\/pansion-palme.com\/wp-content\/uploads\/2025\/04\/Cover-Omis-Croatia-min-150x150.jpg 150w, https:\/\/pansion-palme.com\/wp-content\/uploads\/2025\/04\/Cover-Omis-Croatia-min-12x12.jpg 12w, https:\/\/pansion-palme.com\/wp-content\/uploads\/2025\/04\/Cover-Omis-Croatia-min.jpg 1200w\" sizes=\"(max-width: 768px) 100vw, 768px\" \/>\t\t\t\t\t\t\t\t\t\t\t\t\t\t\t<\/div>\n\t\t\t\t<\/div>\n\t\t<div class=\"elementor-element elementor-element-64159e2 e-con-full e-flex e-con e-child\" data-id=\"64159e2\" data-element_type=\"container\" data-e-type=\"container\">\n\t\t\t\t<div class=\"elementor-element elementor-element-0e6598c animated-slow elementor-invisible elementor-widget elementor-widget-heading\" data-id=\"0e6598c\" data-element_type=\"widget\" data-e-type=\"widget\" data-settings=\"{&quot;_animation&quot;:&quot;fadeIn&quot;,&quot;_animation_delay&quot;:100}\" data-widget_type=\"heading.default\">\n\t\t\t\t\t<h2 class=\"elementor-heading-title elementor-size-large\">Gradovi<\/h2>\t\t\t\t<\/div>\n\t\t\t\t<div class=\"elementor-element elementor-element-9ae185a elementor-widget elementor-widget-text-editor\" data-id=\"9ae185a\" data-element_type=\"widget\" data-e-type=\"widget\" data-widget_type=\"text-editor.default\">\n\t\t\t\t\t\t\t\t\t<p>Istra\u017eite prekrasne gradove oko Drvenika s velikom povije\u0161\u0107u i tradicijom, brojnim povijesnim znamenitostima i nevjerojatnim prizorima.<\/p>\t\t\t\t\t\t\t\t<\/div>\n\t\t\t\t<div class=\"elementor-element elementor-element-f244e17 elementor-mobile-align-center animated-slow elementor-invisible elementor-widget elementor-widget-button\" data-id=\"f244e17\" data-element_type=\"widget\" data-e-type=\"widget\" data-settings=\"{&quot;_animation&quot;:&quot;fadeIn&quot;,&quot;_animation_delay&quot;:100}\" data-widget_type=\"button.default\">\n\t\t\t\t\t\t\t\t\t\t<a class=\"elementor-button elementor-button-link elementor-size-sm\" href=\"https:\/\/pansion-palme.com\/hr\/towns\/\">\n\t\t\t\t\t\t<span class=\"elementor-button-content-wrapper\">\n\t\t\t\t\t\t\t\t\t<span class=\"elementor-button-text\">Istra\u017eite Gradove<\/span>\n\t\t\t\t\t<\/span>\n\t\t\t\t\t<\/a>\n\t\t\t\t\t\t\t\t<\/div>\n\t\t\t\t<\/div>\n\t\t<div class=\"elementor-element elementor-element-69acc1b e-con-full e-flex e-con e-child\" data-id=\"69acc1b\" data-element_type=\"container\" data-e-type=\"container\">\n\t\t\t\t<div class=\"elementor-element elementor-element-bb4918c elementor-widget elementor-widget-image\" data-id=\"bb4918c\" data-element_type=\"widget\" data-e-type=\"widget\" data-widget_type=\"image.default\">\n\t\t\t\t\t\t\t\t\t\t\t\t\t\t\t<img loading=\"lazy\" decoding=\"async\" width=\"768\" height=\"512\" src=\"https:\/\/pansion-palme.com\/wp-content\/uploads\/2025\/04\/dubrovnik-768x512.jpg\" class=\"attachment-medium_large size-medium_large wp-image-3066\" alt=\"\" srcset=\"https:\/\/pansion-palme.com\/wp-content\/uploads\/2025\/04\/dubrovnik-768x512.jpg 768w, https:\/\/pansion-palme.com\/wp-content\/uploads\/2025\/04\/dubrovnik-300x200.jpg 300w, https:\/\/pansion-palme.com\/wp-content\/uploads\/2025\/04\/dubrovnik-1024x682.jpg 1024w, https:\/\/pansion-palme.com\/wp-content\/uploads\/2025\/04\/dubrovnik-1536x1023.jpg 1536w, https:\/\/pansion-palme.com\/wp-content\/uploads\/2025\/04\/dubrovnik-18x12.jpg 18w, https:\/\/pansion-palme.com\/wp-content\/uploads\/2025\/04\/dubrovnik.jpg 1600w\" sizes=\"(max-width: 768px) 100vw, 768px\" \/>\t\t\t\t\t\t\t\t\t\t\t\t\t\t\t<\/div>\n\t\t\t\t<\/div>\n\t\t\t\t\t<\/div>\n\t\t\t\t<\/div>\n\t\t<div class=\"elementor-element elementor-element-0c33542 e-flex e-con-boxed e-con e-parent\" data-id=\"0c33542\" data-element_type=\"container\" data-e-type=\"container\">\n\t\t\t\t\t<div class=\"e-con-inner\">\n\t\t<div class=\"elementor-element elementor-element-817fdd2 e-con-full e-flex e-con e-child\" data-id=\"817fdd2\" data-element_type=\"container\" data-e-type=\"container\">\n\t\t\t\t<div class=\"elementor-element elementor-element-4b668df elementor-widget elementor-widget-spacer\" data-id=\"4b668df\" data-element_type=\"widget\" data-e-type=\"widget\" data-widget_type=\"spacer.default\">\n\t\t\t\t\t\t\t<div class=\"elementor-spacer\">\n\t\t\t<div class=\"elementor-spacer-inner\"><\/div>\n\t\t<\/div>\n\t\t\t\t\t\t<\/div>\n\t\t\t\t<div class=\"elementor-element elementor-element-58fadaf elementor-widget elementor-widget-image\" data-id=\"58fadaf\" data-element_type=\"widget\" data-e-type=\"widget\" data-widget_type=\"image.default\">\n\t\t\t\t\t\t\t\t\t\t\t\t\t\t\t<img loading=\"lazy\" decoding=\"async\" width=\"768\" height=\"484\" src=\"https:\/\/pansion-palme.com\/wp-content\/uploads\/2025\/04\/Otok-Korcula-6058d39a1228f241104756_huge-768x484.jpg\" class=\"attachment-medium_large size-medium_large wp-image-3067\" alt=\"\" srcset=\"https:\/\/pansion-palme.com\/wp-content\/uploads\/2025\/04\/Otok-Korcula-6058d39a1228f241104756_huge-768x484.jpg 768w, https:\/\/pansion-palme.com\/wp-content\/uploads\/2025\/04\/Otok-Korcula-6058d39a1228f241104756_huge-300x189.jpg 300w, https:\/\/pansion-palme.com\/wp-content\/uploads\/2025\/04\/Otok-Korcula-6058d39a1228f241104756_huge-1024x645.jpg 1024w, https:\/\/pansion-palme.com\/wp-content\/uploads\/2025\/04\/Otok-Korcula-6058d39a1228f241104756_huge-18x12.jpg 18w, https:\/\/pansion-palme.com\/wp-content\/uploads\/2025\/04\/Otok-Korcula-6058d39a1228f241104756_huge.jpg 1120w\" sizes=\"(max-width: 768px) 100vw, 768px\" \/>\t\t\t\t\t\t\t\t\t\t\t\t\t\t\t<\/div>\n\t\t\t\t<\/div>\n\t\t<div class=\"elementor-element elementor-element-df36211 e-con-full e-flex e-con e-child\" data-id=\"df36211\" data-element_type=\"container\" data-e-type=\"container\">\n\t\t\t\t<div class=\"elementor-element elementor-element-ccfb2a6 elementor-widget elementor-widget-image\" data-id=\"ccfb2a6\" data-element_type=\"widget\" data-e-type=\"widget\" data-widget_type=\"image.default\">\n\t\t\t\t\t\t\t\t\t\t\t\t\t\t\t<img loading=\"lazy\" decoding=\"async\" width=\"768\" height=\"384\" src=\"https:\/\/pansion-palme.com\/wp-content\/uploads\/2025\/04\/3753-large-95906d28a0aee3163d15e8dd838d7f70-768x384.jpg\" class=\"attachment-medium_large size-medium_large wp-image-3068\" alt=\"\" srcset=\"https:\/\/pansion-palme.com\/wp-content\/uploads\/2025\/04\/3753-large-95906d28a0aee3163d15e8dd838d7f70-768x384.jpg 768w, https:\/\/pansion-palme.com\/wp-content\/uploads\/2025\/04\/3753-large-95906d28a0aee3163d15e8dd838d7f70-300x150.jpg 300w, https:\/\/pansion-palme.com\/wp-content\/uploads\/2025\/04\/3753-large-95906d28a0aee3163d15e8dd838d7f70-18x9.jpg 18w, https:\/\/pansion-palme.com\/wp-content\/uploads\/2025\/04\/3753-large-95906d28a0aee3163d15e8dd838d7f70.jpg 1000w\" sizes=\"(max-width: 768px) 100vw, 768px\" \/>\t\t\t\t\t\t\t\t\t\t\t\t\t\t\t<\/div>\n\t\t\t\t<\/div>\n\t\t<div class=\"elementor-element elementor-element-673aec8 e-con-full e-flex e-con e-child\" data-id=\"673aec8\" data-element_type=\"container\" data-e-type=\"container\" data-settings=\"{&quot;background_background&quot;:&quot;classic&quot;}\">\n\t\t\t\t<div class=\"elementor-element elementor-element-4586dc0 animated-slow elementor-invisible elementor-widget elementor-widget-heading\" data-id=\"4586dc0\" data-element_type=\"widget\" data-e-type=\"widget\" data-settings=\"{&quot;_animation&quot;:&quot;fadeIn&quot;,&quot;_animation_delay&quot;:100}\" data-widget_type=\"heading.default\">\n\t\t\t\t\t<h2 class=\"elementor-heading-title elementor-size-large\">Otoci i Poluotoci<\/h2>\t\t\t\t<\/div>\n\t\t\t\t<div class=\"elementor-element elementor-element-22bf256 elementor-widget elementor-widget-text-editor\" data-id=\"22bf256\" data-element_type=\"widget\" data-e-type=\"widget\" data-widget_type=\"text-editor.default\">\n\t\t\t\t\t\t\t\t\t<p>Drvenik se nalazi u sredi\u0161njem dijelu Jadrana, gdje se nalazi mnogo lijepih i velikih otoka i poluotoka s prirodnim i povijesnim ljepotama, kao \u0161to su Hvar, Pelje\u0161ac, Bra\u010d, Kor\u010dula, Vis\u2026<\/p>\t\t\t\t\t\t\t\t<\/div>\n\t\t\t\t<div class=\"elementor-element elementor-element-2080986 elementor-mobile-align-center animated-slow elementor-invisible elementor-widget elementor-widget-button\" data-id=\"2080986\" data-element_type=\"widget\" data-e-type=\"widget\" data-settings=\"{&quot;_animation&quot;:&quot;fadeIn&quot;,&quot;_animation_delay&quot;:100}\" data-widget_type=\"button.default\">\n\t\t\t\t\t\t\t\t\t\t<a class=\"elementor-button elementor-button-link elementor-size-sm\" href=\"https:\/\/pansion-palme.com\/hr\/attractions-and-activities\/islands-and-peninsulas\/\">\n\t\t\t\t\t\t<span class=\"elementor-button-content-wrapper\">\n\t\t\t\t\t\t\t\t\t<span class=\"elementor-button-text\">Istra\u017eite Otoke i Poluotoke<\/span>\n\t\t\t\t\t<\/span>\n\t\t\t\t\t<\/a>\n\t\t\t\t\t\t\t\t<\/div>\n\t\t\t\t<\/div>\n\t\t<div class=\"elementor-element elementor-element-b2441df e-con-full e-flex e-con e-child\" data-id=\"b2441df\" data-element_type=\"container\" data-e-type=\"container\">\n\t\t\t\t<div class=\"elementor-element elementor-element-5e260ef elementor-widget elementor-widget-image\" data-id=\"5e260ef\" data-element_type=\"widget\" data-e-type=\"widget\" data-widget_type=\"image.default\">\n\t\t\t\t\t\t\t\t\t\t\t\t\t\t\t<img decoding=\"async\" src=\"https:\/\/pansion-palme.com\/wp-content\/uploads\/elementor\/thumbs\/Otok-Hvar-605393c527afa215744605_huge-r4ejhq7lsdfva3z4120mkucgzeqebw0smaegxx2jl8.jpg\" title=\"Otok-Hvar-605393c527afa215744605_huge.jpg\" alt=\"Otok-Hvar-605393c527afa215744605_huge.jpg\" loading=\"lazy\" \/>\t\t\t\t\t\t\t\t\t\t\t\t\t\t\t<\/div>\n\t\t\t\t<div class=\"elementor-element elementor-element-f104e35 elementor-widget elementor-widget-spacer\" data-id=\"f104e35\" data-element_type=\"widget\" data-e-type=\"widget\" data-widget_type=\"spacer.default\">\n\t\t\t\t\t\t\t<div class=\"elementor-spacer\">\n\t\t\t<div class=\"elementor-spacer-inner\"><\/div>\n\t\t<\/div>\n\t\t\t\t\t\t<\/div>\n\t\t\t\t<\/div>\n\t\t\t\t\t<\/div>\n\t\t\t\t<\/div>\n\t\t<div class=\"elementor-element elementor-element-afdb6bb e-flex e-con-boxed e-con e-parent\" data-id=\"afdb6bb\" data-element_type=\"container\" data-e-type=\"container\" data-settings=\"{&quot;background_background&quot;:&quot;classic&quot;}\">\n\t\t\t\t\t<div class=\"e-con-inner\">\n\t\t<div class=\"elementor-element elementor-element-9c8fa15 e-con-full e-flex e-con e-child\" data-id=\"9c8fa15\" data-element_type=\"container\" data-e-type=\"container\">\n\t\t\t\t<div class=\"elementor-element elementor-element-d953320 elementor-widget elementor-widget-image\" data-id=\"d953320\" data-element_type=\"widget\" data-e-type=\"widget\" data-widget_type=\"image.default\">\n\t\t\t\t\t\t\t\t\t\t\t\t\t\t\t<img loading=\"lazy\" decoding=\"async\" width=\"800\" height=\"533\" src=\"https:\/\/pansion-palme.com\/wp-content\/uploads\/2025\/04\/Kravice-waterfall-in-Bosnia-and-Herzegovina_Depositphotos_324689434_s-2019.webp\" class=\"attachment-large size-large wp-image-3070\" alt=\"\" srcset=\"https:\/\/pansion-palme.com\/wp-content\/uploads\/2025\/04\/Kravice-waterfall-in-Bosnia-and-Herzegovina_Depositphotos_324689434_s-2019.webp 900w, https:\/\/pansion-palme.com\/wp-content\/uploads\/2025\/04\/Kravice-waterfall-in-Bosnia-and-Herzegovina_Depositphotos_324689434_s-2019-300x200.webp 300w, https:\/\/pansion-palme.com\/wp-content\/uploads\/2025\/04\/Kravice-waterfall-in-Bosnia-and-Herzegovina_Depositphotos_324689434_s-2019-768x512.webp 768w, https:\/\/pansion-palme.com\/wp-content\/uploads\/2025\/04\/Kravice-waterfall-in-Bosnia-and-Herzegovina_Depositphotos_324689434_s-2019-18x12.webp 18w\" sizes=\"(max-width: 800px) 100vw, 800px\" \/>\t\t\t\t\t\t\t\t\t\t\t\t\t\t\t<\/div>\n\t\t\t\t<\/div>\n\t\t<div class=\"elementor-element elementor-element-62e44ff e-con-full e-flex e-con e-child\" data-id=\"62e44ff\" data-element_type=\"container\" data-e-type=\"container\">\n\t\t<div class=\"elementor-element elementor-element-7e383ee e-flex e-con-boxed e-con e-child\" data-id=\"7e383ee\" data-element_type=\"container\" data-e-type=\"container\" data-settings=\"{&quot;background_background&quot;:&quot;classic&quot;}\">\n\t\t\t\t\t<div class=\"e-con-inner\">\n\t\t\t\t<div class=\"elementor-element elementor-element-1f936d1 animated-slow elementor-invisible elementor-widget elementor-widget-heading\" data-id=\"1f936d1\" data-element_type=\"widget\" data-e-type=\"widget\" data-settings=\"{&quot;_animation&quot;:&quot;fadeIn&quot;,&quot;_animation_delay&quot;:100}\" data-widget_type=\"heading.default\">\n\t\t\t\t\t<h2 class=\"elementor-heading-title elementor-size-large\">Priroda<\/h2>\t\t\t\t<\/div>\n\t\t\t\t\t<\/div>\n\t\t\t\t<\/div>\n\t\t\t\t<div class=\"elementor-element elementor-element-f1c199f elementor-widget elementor-widget-text-editor\" data-id=\"f1c199f\" data-element_type=\"widget\" data-e-type=\"widget\" data-widget_type=\"text-editor.default\">\n\t\t\t\t\t\t\t\t\t<p>Srednja Dalmacija poznata je po brojnim prirodnim ljepotama. Sa svojim velikim planinama, razvedenom obalom, brojnim prirodnim parkovima, otocima, razli\u010ditim tipovima terena, rijekama, jezerima\u2026<\/p>\t\t\t\t\t\t\t\t<\/div>\n\t\t\t\t<div class=\"elementor-element elementor-element-48c90bb elementor-mobile-align-center animated-slow elementor-invisible elementor-widget elementor-widget-button\" data-id=\"48c90bb\" data-element_type=\"widget\" data-e-type=\"widget\" data-settings=\"{&quot;_animation&quot;:&quot;fadeIn&quot;,&quot;_animation_delay&quot;:100}\" data-widget_type=\"button.default\">\n\t\t\t\t\t\t\t\t\t\t<a class=\"elementor-button elementor-button-link elementor-size-sm\" href=\"https:\/\/pansion-palme.com\/hr\/nature\/\">\n\t\t\t\t\t\t<span class=\"elementor-button-content-wrapper\">\n\t\t\t\t\t\t\t\t\t<span class=\"elementor-button-text\">Istra\u017ei \u200b\u200bPrirodu<\/span>\n\t\t\t\t\t<\/span>\n\t\t\t\t\t<\/a>\n\t\t\t\t\t\t\t\t<\/div>\n\t\t\t\t<\/div>\n\t\t\t\t\t<\/div>\n\t\t\t\t<\/div>\n\t\t\t\t<\/div>","protected":false},"excerpt":{"rendered":"<p>Attractions And Activities In The Area From our apartments to beautiful beach and sea, there is a lush array of activities and attractions in Drvenik and in the surrounding area. Activities In the surroundings of Drvenik, there are various activities for active people and families. Starting from the sea, beaches and all the various activities [&hellip;]<\/p>\n","protected":false},"author":1,"featured_media":0,"parent":0,"menu_order":0,"comment_status":"closed","ping_status":"closed","template":"","meta":{"footnotes":""},"class_list":["post-493","page","type-page","status-publish","hentry"],"_links":{"self":[{"href":"https:\/\/pansion-palme.com\/hr\/wp-json\/wp\/v2\/pages\/493","targetHints":{"allow":["GET"]}}],"collection":[{"href":"https:\/\/pansion-palme.com\/hr\/wp-json\/wp\/v2\/pages"}],"about":[{"href":"https:\/\/pansion-palme.com\/hr\/wp-json\/wp\/v2\/types\/page"}],"author":[{"embeddable":true,"href":"https:\/\/pansion-palme.com\/hr\/wp-json\/wp\/v2\/users\/1"}],"replies":[{"embeddable":true,"href":"https:\/\/pansion-palme.com\/hr\/wp-json\/wp\/v2\/comments?post=493"}],"version-history":[{"count":0,"href":"https:\/\/pansion-palme.com\/hr\/wp-json\/wp\/v2\/pages\/493\/revisions"}],"wp:attachment":[{"href":"https:\/\/pansion-palme.com\/hr\/wp-json\/wp\/v2\/media?parent=493"}],"curies":[{"name":"wp","href":"https:\/\/api.w.org\/{rel}","templated":true}]}}